{"id":780,"date":"2014-04-04T14:40:41","date_gmt":"2014-04-04T12:40:41","guid":{"rendered":"http:\/\/www.dpsgulm.phibro.de\/wordpress\/?page_id=780"},"modified":"2023-01-09T00:57:56","modified_gmt":"2023-01-08T23:57:56","slug":"weiherbelegung","status":"publish","type":"page","link":"https:\/\/www.dpsg-ulm.de\/wordpress\/spatzenweiher\/weiherbelegung\/","title":{"rendered":"Weiherbelegung"},"content":{"rendered":"<p>Hier k\u00f6nnt Ihr sehen, wann unser Weiher belegt ist und direkt eine Buchungsanfrage starten!<\/p>\n<p>Gebucht werden kann ganzj\u00e4hrig, <strong>bitte beachtet jedoch, dass jeweils<\/strong><br \/>\n<strong>zwischen Oktober und M\u00e4rz die Trinkwasserleitung auf dem Platz<\/strong><br \/>\n<strong>abgestellt wird!<\/strong><\/p>\n<p><a href=\"http:\/\/www.dpsg-ulm.de\/beleg\/index.php?objekt=1\" target=\"_blank\" rel=\"noopener\">Hier geht es zum Buchungssystem<\/a><\/p>\n<p><strong>Update: Das Buchungssystem konnte erfolgreich portiert werden und sollte wieder funktonieren. Eventuelle Fehlermeldungen bitte an webmaster bei der Domain dpsg-ulm punkt de. (Bitte &#8222;bei der Domain&#8220; durch @ und &#8222;punkt&#8220; durch . ersetzen, dient der Spam-Abwehr!) richten.<br \/>\n<\/strong><\/p>\n<p>Anmerkung: Das Buchungssystem befindet sich aktuell noch in der Testphase. Deswegen k\u00f6nnen noch Fehler auftreten. Sollte euch etwas diesbez\u00fcglich auffallen, wendet euch gerne an unsere Administration unter webmaster bei der Domain dpsg-ulm punkt de. (Bitte &#8222;bei der Domain&#8220; durch @ und &#8222;punkt&#8220; durch . ersetzen, dient der Spam-Abwehr!). Herzlichen Dank!<\/p>\n","protected":false},"excerpt":{"rendered":"<p>Hier k\u00f6nnt Ihr sehen, wann unser Weiher belegt ist und direkt eine Buchungsanfrage starten! Gebucht werden kann ganzj\u00e4hrig, bitte beachtet jedoch, dass jeweils zwischen Oktober und M\u00e4rz die Trinkwasserleitung auf dem Platz abgestellt wird! Hier geht es zum Buchungssystem Update: Das Buchungssystem konnte erfolgreich portiert werden und sollte wieder funktonieren. Eventuelle Fehlermeldungen bitte an webmaster&#8230;<\/p>\n","protected":false},"author":3,"featured_media":0,"parent":40,"menu_order":0,"comment_status":"closed","ping_status":"closed","template":"","meta":{"ngg_post_thumbnail":0,"footnotes":""},"class_list":["post-780","page","type-page","status-publish","hentry"],"_links":{"self":[{"href":"https:\/\/www.dpsg-ulm.de\/wordpress\/wp-json\/wp\/v2\/pages\/780","targetHints":{"allow":["GET"]}}],"collection":[{"href":"https:\/\/www.dpsg-ulm.de\/wordpress\/wp-json\/wp\/v2\/pages"}],"about":[{"href":"https:\/\/www.dpsg-ulm.de\/wordpress\/wp-json\/wp\/v2\/types\/page"}],"author":[{"embeddable":true,"href":"https:\/\/www.dpsg-ulm.de\/wordpress\/wp-json\/wp\/v2\/users\/3"}],"replies":[{"embeddable":true,"href":"https:\/\/www.dpsg-ulm.de\/wordpress\/wp-json\/wp\/v2\/comments?post=780"}],"version-history":[{"count":34,"href":"https:\/\/www.dpsg-ulm.de\/wordpress\/wp-json\/wp\/v2\/pages\/780\/revisions"}],"predecessor-version":[{"id":4395,"href":"https:\/\/www.dpsg-ulm.de\/wordpress\/wp-json\/wp\/v2\/pages\/780\/revisions\/4395"}],"up":[{"embeddable":true,"href":"https:\/\/www.dpsg-ulm.de\/wordpress\/wp-json\/wp\/v2\/pages\/40"}],"wp:attachment":[{"href":"https:\/\/www.dpsg-ulm.de\/wordpress\/wp-json\/wp\/v2\/media?parent=780"}],"curies":[{"name":"wp","href":"https:\/\/api.w.org\/{rel}","templated":true}]}}