{"id":592,"date":"2014-03-17T22:39:37","date_gmt":"2014-03-17T20:39:37","guid":{"rendered":"http:\/\/www.dpsgulm.phibro.de\/wordpress\/?page_id=592"},"modified":"2022-10-21T14:57:11","modified_gmt":"2022-10-21T12:57:11","slug":"beschreibung-des-zeltplatzes","status":"publish","type":"page","link":"https:\/\/www.dpsg-ulm.de\/wordpress\/spatzenweiher\/beschreibung-des-zeltplatzes\/","title":{"rendered":"Beschreibung des Zeltplatzes &#8222;Spatzenweiher&#8220;"},"content":{"rendered":"<p><strong>Zeltplatz f\u00fcr Jugendgruppen mit Baggersee in der N\u00e4he von Burgau im Mindeltal.<\/strong><\/p>\n<p>Geeignet f\u00fcr Zeltlager und Freizeiten bei Selbstversorgung.<br \/>\nIdeal f\u00fcr Pfadfindergruppen<\/p>\n<p><strong>Preise:<br \/>\n<\/strong>Ab dem <strong>17. Oktober 2022<\/strong> gilt folgendes:<\/p>\n<ul>\n<li>Grundpreis (keine Jugendgruppe), pro Person und Nacht: <strong>5,00 \u20ac<\/strong><\/li>\n<li>Erm\u00e4\u00dfigt (f\u00fcr Jugendgruppen),&nbsp;&nbsp;&nbsp;&nbsp;&nbsp;&nbsp; pro Person und Nacht: <strong>4,00 \u20ac<\/strong><\/li>\n<\/ul>\n<p>Weiterhin gilt ein Sockelbetrag in H\u00f6he von <strong>100,00 \u20ac<\/strong>. Eine Buchung unterhalb dieses Betrags ist m\u00f6glich, wird jedoch automatisch fest mit 100,00 \u20ac berechnet.<\/p>\n<p><strong>Ausstattung<\/strong><br \/>\n&#8211; 3 Zeltpl\u00e4tze (insgesamt1 ha f\u00fcr bis zu 150 Personen)<br \/>\n&#8211; Badesee (1 ha) mit Badesteg (Baujahr 2020)<br \/>\n&#8211; Waschstellen<br \/>\n&#8211; Toiletten (Dixi)<br \/>\n&#8211; mehrere Feuerstellen<br \/>\n&#8211; Boote<br \/>\n&#8211; Materialcontainer, angebautes Holzlager<br \/>\n&#8211; Trinkwasseranschluss vorhanden<\/p>\n<p>Ein Weiher \u2013 1000 M\u00f6glichkeiten!<\/p>\n<p>N\u00e4here Informationen findet Ihr auch in unserem Informationsblatt:<\/p>\n<div class='w3eden'><!-- WPDM Link Template: Default Template -->\n\n<div class=\"link-template-default card mb-2\">\n    <div class=\"card-body\">\n        <div class=\"media\">\n            <div class=\"mr-3 img-48\"><img decoding=\"async\" class=\"wpdm_icon\" alt=\"Icon\"   src=\"https:\/\/www.dpsg-ulm.de\/wordpress\/wp-content\/plugins\/download-manager\/assets\/file-type-icons\/pdf.png\" \/><\/div>\n            <div class=\"media-body\">\n                <h3 class=\"package-title\"><a href='https:\/\/www.dpsg-ulm.de\/wordpress\/download\/informationsblatt-ueber-den-zeltplatz-spatzenweiher\/'>Informationsblatt \u00fcber den Zeltplatz \"Spatzenweiher\" (Stand Oktober 2022)<\/a><\/h3>\n                <div class=\"text-muted text-small\"><i class=\"fas fa-copy\"><\/i> 1 Datei(en) <i class=\"fas fa-hdd ml-3\"><\/i> 2,7 MB<\/div>\n            <\/div>\n            <div class=\"ml-3\">\n                <a class='wpdm-download-link download-on-click btn btn-primary ' rel='nofollow' href='#' data-downloadurl=\"https:\/\/www.dpsg-ulm.de\/wordpress\/download\/informationsblatt-ueber-den-zeltplatz-spatzenweiher\/?wpdmdl=3153&refresh=69f404c75488a1777599687\">Download<\/a>\n            <\/div>\n        <\/div>\n    <\/div>\n<\/div>\n\n<\/div>\n<p>Lage:<br \/>\n<iframe loading=\"lazy\" style=\"border: 0;\" src=\"https:\/\/www.google.com\/maps\/embed?pb=!1m18!1m12!1m3!1d2652.2024928678966!2d10.427744115080861!3d48.33741304520121!2m3!1f0!2f0!3f0!3m2!1i1024!2i768!4f13.1!3m3!1m2!1s0x4799537736893ec9%3A0xedd76f8c8b6b5b58!2sDPSG+Ulm+Pfadfinder-Zeltplatz+%E2%80%9ESpatzenweiher%E2%80%9C!5e0!3m2!1sde!2sde!4v1527425747740\" allowfullscreen=\"allowfullscreen\" width=\"600\" height=\"450\" frameborder=\"0\"><\/iframe><\/p>\n<p>Fotogalerie:<\/p>\nngg_shortcode_0_placeholder<a href=\"https:\/\/www.dpsg-ulm.de\/wordpress\/spatzenweiher\/weiherbelegung\/\">Jetzt einfach eine unverbindliche Anfrage stellen<\/a><\/p>\n","protected":false},"excerpt":{"rendered":"<p>Zeltplatz f\u00fcr Jugendgruppen mit Baggersee in der N\u00e4he von Burgau im Mindeltal. Geeignet f\u00fcr Zeltlager und Freizeiten bei Selbstversorgung. Ideal f\u00fcr Pfadfindergruppen Preise: Ab dem 17. Oktober 2022 gilt folgendes: Grundpreis (keine Jugendgruppe), pro Person und Nacht: 5,00 \u20ac Erm\u00e4\u00dfigt (f\u00fcr Jugendgruppen),&nbsp;&nbsp;&nbsp;&nbsp;&nbsp;&nbsp; pro Person und Nacht: 4,00 \u20ac Weiterhin gilt ein Sockelbetrag in H\u00f6he von&#8230;<\/p>\n","protected":false},"author":3,"featured_media":0,"parent":40,"menu_order":0,"comment_status":"closed","ping_status":"closed","template":"","meta":{"ngg_post_thumbnail":0,"footnotes":""},"class_list":["post-592","page","type-page","status-publish","hentry"],"_links":{"self":[{"href":"https:\/\/www.dpsg-ulm.de\/wordpress\/wp-json\/wp\/v2\/pages\/592","targetHints":{"allow":["GET"]}}],"collection":[{"href":"https:\/\/www.dpsg-ulm.de\/wordpress\/wp-json\/wp\/v2\/pages"}],"about":[{"href":"https:\/\/www.dpsg-ulm.de\/wordpress\/wp-json\/wp\/v2\/types\/page"}],"author":[{"embeddable":true,"href":"https:\/\/www.dpsg-ulm.de\/wordpress\/wp-json\/wp\/v2\/users\/3"}],"replies":[{"embeddable":true,"href":"https:\/\/www.dpsg-ulm.de\/wordpress\/wp-json\/wp\/v2\/comments?post=592"}],"version-history":[{"count":11,"href":"https:\/\/www.dpsg-ulm.de\/wordpress\/wp-json\/wp\/v2\/pages\/592\/revisions"}],"predecessor-version":[{"id":4339,"href":"https:\/\/www.dpsg-ulm.de\/wordpress\/wp-json\/wp\/v2\/pages\/592\/revisions\/4339"}],"up":[{"embeddable":true,"href":"https:\/\/www.dpsg-ulm.de\/wordpress\/wp-json\/wp\/v2\/pages\/40"}],"wp:attachment":[{"href":"https:\/\/www.dpsg-ulm.de\/wordpress\/wp-json\/wp\/v2\/media?parent=592"}],"curies":[{"name":"wp","href":"https:\/\/api.w.org\/{rel}","templated":true}]}}