{"id":4506,"date":"2023-11-10T23:29:43","date_gmt":"2023-11-10T22:29:43","guid":{"rendered":"https:\/\/www.dpsg-ulm.de\/wordpress\/?page_id=4506"},"modified":"2023-11-13T22:46:27","modified_gmt":"2023-11-13T21:46:27","slug":"neues-von-den-jungpfadfindern","status":"publish","type":"page","link":"https:\/\/www.dpsg-ulm.de\/wordpress\/neues-von-den-jungpfadfindern\/","title":{"rendered":"Neues von den Jungpfadfindern"},"content":{"rendered":"<h1><img loading=\"lazy\" decoding=\"async\" class=\"wp-image-3573 size-thumbnail alignleft\" src=\"https:\/\/www.dpsg-ulm.de\/wordpress\/wp-content\/uploads\/2019\/09\/Jungpfadfinder_Kobold_Logo_2018_td-150x150.png\" alt=\"\" width=\"150\" height=\"150\" srcset=\"https:\/\/www.dpsg-ulm.de\/wordpress\/wp-content\/uploads\/2019\/09\/Jungpfadfinder_Kobold_Logo_2018_td-150x150.png 150w, https:\/\/www.dpsg-ulm.de\/wordpress\/wp-content\/uploads\/2019\/09\/Jungpfadfinder_Kobold_Logo_2018_td-300x300.png 300w, https:\/\/www.dpsg-ulm.de\/wordpress\/wp-content\/uploads\/2019\/09\/Jungpfadfinder_Kobold_Logo_2018_td-768x768.png 768w, https:\/\/www.dpsg-ulm.de\/wordpress\/wp-content\/uploads\/2019\/09\/Jungpfadfinder_Kobold_Logo_2018_td-1024x1024.png 1024w, https:\/\/www.dpsg-ulm.de\/wordpress\/wp-content\/uploads\/2019\/09\/Jungpfadfinder_Kobold_Logo_2018_td-750x750.png 750w, https:\/\/www.dpsg-ulm.de\/wordpress\/wp-content\/uploads\/2019\/09\/Jungpfadfinder_Kobold_Logo_2018_td-348x348.png 348w\" sizes=\"auto, (max-width: 150px) 100vw, 150px\" \/><br \/>\nNeues von den Jungpfadfindern<\/h1>\n<div dir=\"ltr\">\n<hr>\n<\/div>\n<div dir=\"ltr\">&nbsp;<\/div>\n<div dir=\"ltr\">Nach dem Ende der Herbstferien beschlossen wir, uns dem spannenden Thema &#8222;Survival&#8220; (oder auf Deutsch: \u00dcberleben) zu widmen.<\/div>\n<div dir=\"ltr\">Angefangen hatten wir mit dem Bau einfacher Unterst\u00e4nde, wozu vorher ein<\/div>\n<div dir=\"ltr\">paar wichtige Knoten erlernt werden m\u00fcssten. Gar nicht so einfach, den jeweils passenden zu finden, damit die &#8222;Notunterkunft&#8220; nicht beim leichtesten Windsto\u00df sich nicht wieder in seine Einzelteile zerlegt!<\/div>\n<div dir=\"ltr\">&nbsp;<\/div>\n<div dir=\"ltr\">Als n\u00e4chstes stand &#8222;Wasser&#8220; im Themenfokus: wie kann man er erhalten und<\/div>\n<div dir=\"ltr\">wie zum Trinken aufbereiten. Dazu haben wir vom Ergebnis ein paar Fotos<\/div>\n<div dir=\"ltr\">gemacht.ngg_shortcode_0_placeholder<\/div>\n<div dir=\"ltr\">Keine Sorge &#8211; wir haben den Genuss \u00fcberlebt&#8230; \ud83d\ude42<\/div>\n<div dir=\"ltr\">&nbsp;<\/div>\n<div dir=\"ltr\">\n<div dir=\"ltr\">N\u00e4chste Woche geht es mit Feuer weiter, wobei wir darauf Brot backen wollen<\/div>\n<div dir=\"ltr\">&#8211; gutes Wetter vorausgesetzt \ud83d\ude09<\/div>\n<div dir=\"ltr\">&nbsp;<\/div>\n<div dir=\"ltr\"><img loading=\"lazy\" decoding=\"async\" class=\"ngg-singlepic ngg-none alignright\" src=\"https:\/\/www.dpsg-ulm.de\/wordpress\/wp-content\/gallery\/neues-von-den-jupfis\/Rucksack.png\" alt=\" \" width=\"174\" height=\"226\"><\/div>\n<\/div>\n<p>Text&amp;Fotos: Dieter (Gruppenleiter)<\/p>\n<p>&nbsp;<\/p>\n","protected":false},"excerpt":{"rendered":"<p>Neues von den Jungpfadfindern &nbsp; Nach dem Ende der Herbstferien beschlossen wir, uns dem spannenden Thema &#8222;Survival&#8220; (oder auf Deutsch: \u00dcberleben) zu widmen. Angefangen hatten wir mit dem Bau einfacher Unterst\u00e4nde, wozu vorher ein paar wichtige Knoten erlernt werden m\u00fcssten. Gar nicht so einfach, den jeweils passenden zu finden, damit die &#8222;Notunterkunft&#8220; nicht beim leichtesten&#8230;<\/p>\n","protected":false},"author":3,"featured_media":0,"parent":0,"menu_order":0,"comment_status":"closed","ping_status":"closed","template":"","meta":{"ngg_post_thumbnail":0,"footnotes":""},"class_list":["post-4506","page","type-page","status-publish","hentry"],"_links":{"self":[{"href":"https:\/\/www.dpsg-ulm.de\/wordpress\/wp-json\/wp\/v2\/pages\/4506","targetHints":{"allow":["GET"]}}],"collection":[{"href":"https:\/\/www.dpsg-ulm.de\/wordpress\/wp-json\/wp\/v2\/pages"}],"about":[{"href":"https:\/\/www.dpsg-ulm.de\/wordpress\/wp-json\/wp\/v2\/types\/page"}],"author":[{"embeddable":true,"href":"https:\/\/www.dpsg-ulm.de\/wordpress\/wp-json\/wp\/v2\/users\/3"}],"replies":[{"embeddable":true,"href":"https:\/\/www.dpsg-ulm.de\/wordpress\/wp-json\/wp\/v2\/comments?post=4506"}],"version-history":[{"count":11,"href":"https:\/\/www.dpsg-ulm.de\/wordpress\/wp-json\/wp\/v2\/pages\/4506\/revisions"}],"predecessor-version":[{"id":4544,"href":"https:\/\/www.dpsg-ulm.de\/wordpress\/wp-json\/wp\/v2\/pages\/4506\/revisions\/4544"}],"wp:attachment":[{"href":"https:\/\/www.dpsg-ulm.de\/wordpress\/wp-json\/wp\/v2\/media?parent=4506"}],"curies":[{"name":"wp","href":"https:\/\/api.w.org\/{rel}","templated":true}]}}