{"id":40,"date":"2013-06-26T09:28:22","date_gmt":"2013-06-26T07:28:22","guid":{"rendered":"http:\/\/www.dpsgulm.phibro.de\/wordpress\/?page_id=40"},"modified":"2022-05-03T12:12:18","modified_gmt":"2022-05-03T10:12:18","slug":"spatzenweiher","status":"publish","type":"page","link":"https:\/\/www.dpsg-ulm.de\/wordpress\/spatzenweiher\/","title":{"rendered":"Spatzenweiher"},"content":{"rendered":"<p style=\"text-align: center;\" align=\"justify\">&nbsp;<\/p>\n<p align=\"justify\"><img decoding=\"async\" class=\"ngg-singlepic ngg-center\" src=\"https:\/\/www.dpsg-ulm.de\/wordpress\/wp-content\/gallery\/spatzenweiher\/Spatzenweiher_Burtenbach_birdview.jpg\" alt=\"\">Schon immer war es der Traum der Pfadfinder, einen eigenen Zeltplatz zu haben, ohne gro\u00dfartig f\u00fcr Kurzunternehmen beim Bauern oder B\u00fcrgermeister auf Suche zu gehen. Manfred Wacker alias &#8222;Mawa&#8220;, Gr\u00fcnder unseres Stamms, hatte die Initiative ergriffen, als im Mindeltal zwischen Burtenbach und Kemnat ein Fischweiher zum Verkauf angeboten wurde&#8230; Sp\u00e4ter kam dann noch die angrenzende Wiese hinzu. Die Gestaltung des Zeltplatzes als Anlage mit Bachlauf, Feuerstellen, Br\u00fccke, Pflanzungen, Backofen u.v.m. wurde von mawa und Rotraut Kilger (&#8222;Roti&#8220;) geplant. Die Ausf\u00fchrung erfolgte durch Stammesmitglieder und F\u00f6rderer, Freunde und G\u00f6nner des Stammes.<\/p>\n<p align=\"justify\">So besitzt der Freundes- und F\u00f6rderkreis e.V. des Stammes jetzt einen etwa 1 ha gro\u00dfen Baggersee mit angrenzendem 1 ha Zeltplatz, den er f\u00fcr die Aktivit\u00e4ten des Stammes zur Verf\u00fcgung stellt.<\/p>\n<p align=\"justify\">Selbstverst\u00e4ndlich steht er auch anderen organisierten Gruppen nach vorheriger Anmeldung gerne zur Verf\u00fcgung.<\/p>\n<p align=\"justify\"><a title=\"Buchungsformular\" href=\"https:\/\/www.dpsg-ulm.de\/wordpress\/spatzenweiher\/weiherbelegung\/\">Anmeldung ist \u00fcber Buchungsseite m\u00f6glich<\/a><\/p>\n<p align=\"justify\">M\u00f6glichkeiten gibt es dort viele: Angeln (wer es darf), Boot fahren, wandern, baden, Tiere beobachten, Brot backen und grillen &#8230; mehrere Feuerstellen, Waschstellen, Badestege und Toiletten sind vorhanden. Ein Weiher &#8211; 1000 M\u00f6glichkeiten!<\/p>\n<p><iframe loading=\"lazy\" title=\"YouTube video player\" src=\"https:\/\/www.youtube.com\/embed\/CiUF2iN2Wyc\" allowfullscreen=\"allowfullscreen\" width=\"560\" height=\"315\" frameborder=\"0\"><\/iframe><\/p>\n<p align=\"justify\">Seit 2003 befindet sich dort auch die vom Stamm geplante und gebaute \u00f6kumenische Flurkapelle <strong>Licht Gottes <\/strong>.<\/p>\n<p align=\"justify\">Vier W\u00e4nde mit farbigen Mosaik-Fenstern aus Glas zeigen Symbole aus dem Alten und Neuen Testament zu den vier Elementen Luft, Feuer, Wasser und Erde.<\/p>\nngg_shortcode_0_placeholder\n","protected":false},"excerpt":{"rendered":"<p>&nbsp; Schon immer war es der Traum der Pfadfinder, einen eigenen Zeltplatz zu haben, ohne gro\u00dfartig f\u00fcr Kurzunternehmen beim Bauern oder B\u00fcrgermeister auf Suche zu gehen. Manfred Wacker alias &#8222;Mawa&#8220;, Gr\u00fcnder unseres Stamms, hatte die Initiative ergriffen, als im Mindeltal zwischen Burtenbach und Kemnat ein Fischweiher zum Verkauf angeboten wurde&#8230; Sp\u00e4ter kam dann noch die&#8230;<\/p>\n","protected":false},"author":3,"featured_media":0,"parent":0,"menu_order":5,"comment_status":"closed","ping_status":"closed","template":"","meta":{"ngg_post_thumbnail":0,"footnotes":""},"class_list":["post-40","page","type-page","status-publish","hentry"],"_links":{"self":[{"href":"https:\/\/www.dpsg-ulm.de\/wordpress\/wp-json\/wp\/v2\/pages\/40","targetHints":{"allow":["GET"]}}],"collection":[{"href":"https:\/\/www.dpsg-ulm.de\/wordpress\/wp-json\/wp\/v2\/pages"}],"about":[{"href":"https:\/\/www.dpsg-ulm.de\/wordpress\/wp-json\/wp\/v2\/types\/page"}],"author":[{"embeddable":true,"href":"https:\/\/www.dpsg-ulm.de\/wordpress\/wp-json\/wp\/v2\/users\/3"}],"replies":[{"embeddable":true,"href":"https:\/\/www.dpsg-ulm.de\/wordpress\/wp-json\/wp\/v2\/comments?post=40"}],"version-history":[{"count":24,"href":"https:\/\/www.dpsg-ulm.de\/wordpress\/wp-json\/wp\/v2\/pages\/40\/revisions"}],"predecessor-version":[{"id":4224,"href":"https:\/\/www.dpsg-ulm.de\/wordpress\/wp-json\/wp\/v2\/pages\/40\/revisions\/4224"}],"wp:attachment":[{"href":"https:\/\/www.dpsg-ulm.de\/wordpress\/wp-json\/wp\/v2\/media?parent=40"}],"curies":[{"name":"wp","href":"https:\/\/api.w.org\/{rel}","templated":true}]}}