{"id":3713,"date":"2020-03-28T18:10:06","date_gmt":"2020-03-28T17:10:06","guid":{"rendered":"https:\/\/www.dpsg-ulm.de\/wordpress\/?page_id=3713"},"modified":"2020-05-25T06:21:32","modified_gmt":"2020-05-25T04:21:32","slug":"pfadis-gegen-langeweile-oder-ideen-fuer-die-gruppenstunde-zuhause-material","status":"publish","type":"page","link":"https:\/\/www.dpsg-ulm.de\/wordpress\/pfadis-gegen-langeweile-oder-ideen-fuer-die-gruppenstunde-zuhause-material\/","title":{"rendered":"Pfadis gegen Langeweile &#8211; oder Ideen f\u00fcr die Gruppenstunde zuhause &#8211; Material"},"content":{"rendered":"<h1>Materialsammlung<\/h1>\n<p>Auf dieser Seite findet ihr -passend f\u00fcr eure Stufe &#8211; Ideen f\u00fcr die digitale Gruppenstunde in den eigenen vier W\u00e4nden.<\/p>\n<p>Einige dieser Dokumente stammen aus anderen DPSG-St\u00e4mmen, d\u00fcrfen aber weitergegeben werden. Bitte beachtet, dass die jeweilige Quelle immer genannt wird! Auf <a href=\"http:\/\/scoutingneverstops.de\" target=\"_blank\" rel=\"noopener noreferrer\">scoutingneverstops.de<\/a>, dem Webblog des Bundesverbandes, findest du weitere interessante Ideen &#8211; guck einfach ab und zu vorbei!<\/p>\n<p>Material von W\u00f6lfi: <img loading=\"lazy\" decoding=\"async\" class=\"alignleft wp-image-3574\" src=\"https:\/\/www.dpsg-ulm.de\/wordpress\/wp-content\/uploads\/2019\/09\/W\u00d6LFI_Kopf_2019-150x150.jpg\" alt=\"\" width=\"70\" height=\"65\" srcset=\"https:\/\/www.dpsg-ulm.de\/wordpress\/wp-content\/uploads\/2019\/09\/W\u00d6LFI_Kopf_2019-300x279.jpg 300w, https:\/\/www.dpsg-ulm.de\/wordpress\/wp-content\/uploads\/2019\/09\/W\u00d6LFI_Kopf_2019-768x715.jpg 768w, https:\/\/www.dpsg-ulm.de\/wordpress\/wp-content\/uploads\/2019\/09\/W\u00d6LFI_Kopf_2019-1024x954.jpg 1024w, https:\/\/www.dpsg-ulm.de\/wordpress\/wp-content\/uploads\/2019\/09\/W\u00d6LFI_Kopf_2019-750x698.jpg 750w, https:\/\/www.dpsg-ulm.de\/wordpress\/wp-content\/uploads\/2019\/09\/W\u00d6LFI_Kopf_2019.jpg 1976w\" sizes=\"auto, (max-width: 70px) 100vw, 70px\" \/><\/p>\n<p>&nbsp;<\/p>\n<p>&nbsp;<\/p>\n<p style=\"padding-left: 80px;\"><div class='w3eden'><!-- WPDM Link Template: Default Template -->\n\n<div class=\"link-template-default card mb-2\">\n    <div class=\"card-body\">\n        <div class=\"media\">\n            <div class=\"mr-3 img-48\"><img decoding=\"async\" class=\"wpdm_icon\" alt=\"Icon\"   src=\"https:\/\/www.dpsg-ulm.de\/wordpress\/wp-content\/plugins\/download-manager\/assets\/file-type-icons\/pdf.png\" \/><\/div>\n            <div class=\"media-body\">\n                <h3 class=\"package-title\"><a href='https:\/\/www.dpsg-ulm.de\/wordpress\/download\/gruppenstunde-mit-woelfi-1\/'>Gruppenstunde mit W\u00f6lfi 1 - Alle Rechte bei Sebastian Sehr, DPSG Mettmann (dpsg-mettmann.de)<\/a><\/h3>\n                <div class=\"text-muted text-small\"><i class=\"fas fa-copy\"><\/i> 1 Datei(en) <i class=\"fas fa-hdd ml-3\"><\/i> 398 kb<\/div>\n            <\/div>\n            <div class=\"ml-3\">\n                <a class='wpdm-download-link download-on-click btn btn-primary ' rel='nofollow' href='#' data-downloadurl=\"https:\/\/www.dpsg-ulm.de\/wordpress\/download\/gruppenstunde-mit-woelfi-1\/?wpdmdl=3715&refresh=69f3adee97f201777577454\">Download<\/a>\n            <\/div>\n        <\/div>\n    <\/div>\n<\/div>\n\n<\/div>\n<p style=\"padding-left: 80px;\"><div class='w3eden'><!-- WPDM Link Template: Default Template -->\n\n<div class=\"link-template-default card mb-2\">\n    <div class=\"card-body\">\n        <div class=\"media\">\n            <div class=\"mr-3 img-48\"><img decoding=\"async\" class=\"wpdm_icon\" alt=\"Icon\"   src=\"https:\/\/www.dpsg-ulm.de\/wordpress\/wp-content\/plugins\/download-manager\/assets\/file-type-icons\/pdf.png\" \/><\/div>\n            <div class=\"media-body\">\n                <h3 class=\"package-title\"><a href='https:\/\/www.dpsg-ulm.de\/wordpress\/download\/gruppenstunde-mit-woelfi-2-alle-rechte-bei-sebastian-sehr-dpsg-mettmann-dpsg-mettmann-de\/'>Gruppenstunde mit W\u00f6lfi 2 - Alle Rechte bei Sebastian Sehr, DPSG Mettmann (dpsg-mettmann.de)<\/a><\/h3>\n                <div class=\"text-muted text-small\"><i class=\"fas fa-copy\"><\/i> 1 Datei(en) <i class=\"fas fa-hdd ml-3\"><\/i> 991 kb<\/div>\n            <\/div>\n            <div class=\"ml-3\">\n                <a class='wpdm-download-link download-on-click btn btn-primary ' rel='nofollow' href='#' data-downloadurl=\"https:\/\/www.dpsg-ulm.de\/wordpress\/download\/gruppenstunde-mit-woelfi-2-alle-rechte-bei-sebastian-sehr-dpsg-mettmann-dpsg-mettmann-de\/?wpdmdl=3719&refresh=69f3adee9aa001777577454\">Download<\/a>\n            <\/div>\n        <\/div>\n    <\/div>\n<\/div>\n\n<\/div>\n<p>&nbsp;<\/p>\n<p><img loading=\"lazy\" decoding=\"async\" class=\"wp-image-3573 alignnone\" src=\"https:\/\/www.dpsg-ulm.de\/wordpress\/wp-content\/uploads\/2019\/09\/Jungpfadfinder_Kobold_Logo_2018_td.png\" alt=\"\" width=\"70\" height=\"70\" srcset=\"https:\/\/www.dpsg-ulm.de\/wordpress\/wp-content\/uploads\/2019\/09\/Jungpfadfinder_Kobold_Logo_2018_td.png 2171w, https:\/\/www.dpsg-ulm.de\/wordpress\/wp-content\/uploads\/2019\/09\/Jungpfadfinder_Kobold_Logo_2018_td-150x150.png 150w, https:\/\/www.dpsg-ulm.de\/wordpress\/wp-content\/uploads\/2019\/09\/Jungpfadfinder_Kobold_Logo_2018_td-300x300.png 300w, https:\/\/www.dpsg-ulm.de\/wordpress\/wp-content\/uploads\/2019\/09\/Jungpfadfinder_Kobold_Logo_2018_td-768x768.png 768w, https:\/\/www.dpsg-ulm.de\/wordpress\/wp-content\/uploads\/2019\/09\/Jungpfadfinder_Kobold_Logo_2018_td-1024x1024.png 1024w, https:\/\/www.dpsg-ulm.de\/wordpress\/wp-content\/uploads\/2019\/09\/Jungpfadfinder_Kobold_Logo_2018_td-750x750.png 750w, https:\/\/www.dpsg-ulm.de\/wordpress\/wp-content\/uploads\/2019\/09\/Jungpfadfinder_Kobold_Logo_2018_td-348x348.png 348w\" sizes=\"auto, (max-width: 70px) 100vw, 70px\" \/>Material vom Jupfikobold:<\/p>\n<div class='w3eden'><!-- WPDM Link Template: Default Template -->\n\n<div class=\"link-template-default card mb-2\">\n    <div class=\"card-body\">\n        <div class=\"media\">\n            <div class=\"mr-3 img-48\"><img decoding=\"async\" class=\"wpdm_icon\" alt=\"Icon\"   src=\"https:\/\/www.dpsg-ulm.de\/wordpress\/wp-content\/plugins\/download-manager\/assets\/file-type-icons\/pdf.png\" \/><\/div>\n            <div class=\"media-body\">\n                <h3 class=\"package-title\"><a href='https:\/\/www.dpsg-ulm.de\/wordpress\/download\/zeltlager-fuer-zuhause-alle-aufgaben\/'>Zeltlager f\u00fcr Zuhause - Alle Aufgaben<\/a><\/h3>\n                <div class=\"text-muted text-small\"><i class=\"fas fa-copy\"><\/i> 1 Datei(en) <i class=\"fas fa-hdd ml-3\"><\/i> 426 kB<\/div>\n            <\/div>\n            <div class=\"ml-3\">\n                <a class='wpdm-download-link download-on-click btn btn-primary ' rel='nofollow' href='#' data-downloadurl=\"https:\/\/www.dpsg-ulm.de\/wordpress\/download\/zeltlager-fuer-zuhause-alle-aufgaben\/?wpdmdl=3778&refresh=69f3adee9d4fd1777577454\">Download<\/a>\n            <\/div>\n        <\/div>\n    <\/div>\n<\/div>\n\n<\/div>\n<p style=\"padding-left: 40px;\">&nbsp;&nbsp;&nbsp;&nbsp;&nbsp;&nbsp; <div class='w3eden'><!-- WPDM Link Template: Default Template -->\n\n<div class=\"link-template-default card mb-2\">\n    <div class=\"card-body\">\n        <div class=\"media\">\n            <div class=\"mr-3 img-48\"><img decoding=\"async\" class=\"wpdm_icon\" alt=\"Icon\"   src=\"https:\/\/www.dpsg-ulm.de\/wordpress\/wp-content\/plugins\/download-manager\/assets\/file-type-icons\/jpeg.png\" \/><\/div>\n            <div class=\"media-body\">\n                <h3 class=\"package-title\"><a href='https:\/\/www.dpsg-ulm.de\/wordpress\/download\/georgsbanner-fuer-zeltlager-zuhause\/'>Georgsbanner f\u00fcr \"Zeltlager zuhause\"<\/a><\/h3>\n                <div class=\"text-muted text-small\"><i class=\"fas fa-copy\"><\/i> 1 Datei(en) <i class=\"fas fa-hdd ml-3\"><\/i> 151 kb<\/div>\n            <\/div>\n            <div class=\"ml-3\">\n                <a class='wpdm-download-link download-on-click btn btn-primary ' rel='nofollow' href='#' data-downloadurl=\"https:\/\/www.dpsg-ulm.de\/wordpress\/download\/georgsbanner-fuer-zeltlager-zuhause\/?wpdmdl=3745&refresh=69f3adee9fbe61777577454\">Download<\/a>\n            <\/div>\n        <\/div>\n    <\/div>\n<\/div>\n\n<\/div>\n&nbsp;&nbsp;&nbsp;&nbsp;&nbsp; <div class='w3eden'><!-- WPDM Link Template: Default Template -->\n\n<div class=\"link-template-default card mb-2\">\n    <div class=\"card-body\">\n        <div class=\"media\">\n            <div class=\"mr-3 img-48\"><img decoding=\"async\" class=\"wpdm_icon\" alt=\"Icon\"   src=\"https:\/\/www.dpsg-ulm.de\/wordpress\/wp-content\/plugins\/download-manager\/assets\/file-type-icons\/pdf.png\" \/><\/div>\n            <div class=\"media-body\">\n                <h3 class=\"package-title\"><a href='https:\/\/www.dpsg-ulm.de\/wordpress\/download\/allgemeine-packliste-fuer-lager-hikes\/'>Allgemeine Packliste f\u00fcr Lager\/Hikes (Stand: 03. August 2020)<\/a><\/h3>\n                <div class=\"text-muted text-small\"><i class=\"fas fa-copy\"><\/i> 1 Datei(en) <i class=\"fas fa-hdd ml-3\"><\/i> 51.63 KB<\/div>\n            <\/div>\n            <div class=\"ml-3\">\n                <a class='wpdm-download-link download-on-click btn btn-primary ' rel='nofollow' href='#' data-downloadurl=\"https:\/\/www.dpsg-ulm.de\/wordpress\/download\/allgemeine-packliste-fuer-lager-hikes\/?wpdmdl=3565&refresh=69f3adeea26451777577454\">Download<\/a>\n            <\/div>\n        <\/div>\n    <\/div>\n<\/div>\n\n<\/div>\n<p>&nbsp;<\/p>\n<p>&nbsp;<\/p>\n<p><img loading=\"lazy\" decoding=\"async\" class=\"wp-image-2995 alignnone\" src=\"https:\/\/www.dpsg-ulm.de\/wordpress\/wp-content\/uploads\/2018\/07\/Logo-Pfadis.jpg\" alt=\"\" width=\"70\" height=\"70\" srcset=\"https:\/\/www.dpsg-ulm.de\/wordpress\/wp-content\/uploads\/2018\/07\/Logo-Pfadis.jpg 3543w, https:\/\/www.dpsg-ulm.de\/wordpress\/wp-content\/uploads\/2018\/07\/Logo-Pfadis-150x150.jpg 150w, https:\/\/www.dpsg-ulm.de\/wordpress\/wp-content\/uploads\/2018\/07\/Logo-Pfadis-300x300.jpg 300w, https:\/\/www.dpsg-ulm.de\/wordpress\/wp-content\/uploads\/2018\/07\/Logo-Pfadis-768x768.jpg 768w, https:\/\/www.dpsg-ulm.de\/wordpress\/wp-content\/uploads\/2018\/07\/Logo-Pfadis-1024x1024.jpg 1024w, https:\/\/www.dpsg-ulm.de\/wordpress\/wp-content\/uploads\/2018\/07\/Logo-Pfadis-750x750.jpg 750w, https:\/\/www.dpsg-ulm.de\/wordpress\/wp-content\/uploads\/2018\/07\/Logo-Pfadis-348x348.jpg 348w\" sizes=\"auto, (max-width: 70px) 100vw, 70px\" \/>Material f\u00fcr die gr\u00fcne Stufe<\/p>\n<p>&nbsp;<\/p>\n<p style=\"padding-left: 40px;\">Spirituelles Material<\/p>\n<p style=\"padding-left: 40px;\"><div class='w3eden'><!-- WPDM Link Template: Default Template -->\n\n<div class=\"link-template-default card mb-2\">\n    <div class=\"card-body\">\n        <div class=\"media\">\n            <div class=\"mr-3 img-48\"><img decoding=\"async\" class=\"wpdm_icon\" alt=\"Icon\"   src=\"https:\/\/www.dpsg-ulm.de\/wordpress\/wp-content\/plugins\/download-manager\/assets\/file-type-icons\/pdf.png\" \/><\/div>\n            <div class=\"media-body\">\n                <h3 class=\"package-title\"><a href='https:\/\/www.dpsg-ulm.de\/wordpress\/download\/osterimpuls-von-st-georg-unseres-stammeskurat-pfr-dr-michael-estler\/'>Osterimpuls von St. Georg unseres Stammeskurat Pfr. Dr. Michael Estler<\/a><\/h3>\n                <div class=\"text-muted text-small\"><i class=\"fas fa-copy\"><\/i> 1 Datei(en) <i class=\"fas fa-hdd ml-3\"><\/i> 193 kb<\/div>\n            <\/div>\n            <div class=\"ml-3\">\n                <a class='wpdm-download-link download-on-click btn btn-primary ' rel='nofollow' href='#' data-downloadurl=\"https:\/\/www.dpsg-ulm.de\/wordpress\/download\/osterimpuls-von-st-georg-unseres-stammeskurat-pfr-dr-michael-estler\/?wpdmdl=3737&refresh=69f3adeea50781777577454\">Download<\/a>\n            <\/div>\n        <\/div>\n    <\/div>\n<\/div>\n\n<\/div>\n","protected":false},"excerpt":{"rendered":"<p>Materialsammlung Auf dieser Seite findet ihr -passend f\u00fcr eure Stufe &#8211; Ideen f\u00fcr die digitale Gruppenstunde in den eigenen vier W\u00e4nden. Einige dieser Dokumente stammen aus anderen DPSG-St\u00e4mmen, d\u00fcrfen aber weitergegeben werden. Bitte beachtet, dass die jeweilige Quelle immer genannt wird! Auf scoutingneverstops.de, dem Webblog des Bundesverbandes, findest du weitere interessante Ideen &#8211; guck einfach&#8230;<\/p>\n","protected":false},"author":3,"featured_media":0,"parent":0,"menu_order":0,"comment_status":"closed","ping_status":"closed","template":"","meta":{"ngg_post_thumbnail":0,"footnotes":""},"class_list":["post-3713","page","type-page","status-publish","hentry"],"_links":{"self":[{"href":"https:\/\/www.dpsg-ulm.de\/wordpress\/wp-json\/wp\/v2\/pages\/3713","targetHints":{"allow":["GET"]}}],"collection":[{"href":"https:\/\/www.dpsg-ulm.de\/wordpress\/wp-json\/wp\/v2\/pages"}],"about":[{"href":"https:\/\/www.dpsg-ulm.de\/wordpress\/wp-json\/wp\/v2\/types\/page"}],"author":[{"embeddable":true,"href":"https:\/\/www.dpsg-ulm.de\/wordpress\/wp-json\/wp\/v2\/users\/3"}],"replies":[{"embeddable":true,"href":"https:\/\/www.dpsg-ulm.de\/wordpress\/wp-json\/wp\/v2\/comments?post=3713"}],"version-history":[{"count":8,"href":"https:\/\/www.dpsg-ulm.de\/wordpress\/wp-json\/wp\/v2\/pages\/3713\/revisions"}],"predecessor-version":[{"id":3782,"href":"https:\/\/www.dpsg-ulm.de\/wordpress\/wp-json\/wp\/v2\/pages\/3713\/revisions\/3782"}],"wp:attachment":[{"href":"https:\/\/www.dpsg-ulm.de\/wordpress\/wp-json\/wp\/v2\/media?parent=3713"}],"curies":[{"name":"wp","href":"https:\/\/api.w.org\/{rel}","templated":true}]}}