{"id":3708,"date":"2020-03-28T17:31:12","date_gmt":"2020-03-28T16:31:12","guid":{"rendered":"https:\/\/www.dpsg-ulm.de\/wordpress\/?page_id=3708"},"modified":"2020-03-28T17:33:27","modified_gmt":"2020-03-28T16:33:27","slug":"corona-oder-ideen-fuer-die-gruppenstunde-zuhause","status":"publish","type":"page","link":"https:\/\/www.dpsg-ulm.de\/wordpress\/corona-oder-ideen-fuer-die-gruppenstunde-zuhause\/","title":{"rendered":"Pfadis gegen Langeweile &#8211; oder Ideen f\u00fcr die Gruppenstunde zuhause &#8211; Start"},"content":{"rendered":"<h1>Hallo, ihr W\u00f6lflinge, Jungpfadfinder und Pfadfinder da drau\u00dfen!<\/h1>\n<p>Wie ihr sicher wisst, d\u00fcrfen wir in der n\u00e4chsten Zeit keine Gruppenstunden im Fort Albeck oder au\u00dferhalb anbieten. Corvid-19, besser bekannt als Corona-Virus- hat die Welt fest im Griff. Aber der Gr\u00fcnder der Pfadfinder, Lord Baden-Powell, sagte ja schon &#8222;Ein Pfadfinder pfeift und lacht &#8211; auch bei Schwierigkeiten&#8220;<\/p>\n<p>Diese Seite richtet sich an euch! Denn sicher ist euch -trotz Hausaufgaben und Lernen-irgendwann langweilig und ihr sucht einen Ausgleich. Den bekommt ihr nun hier bei pfadisgegenlangeweile.dpsg-ulm.de!<\/p>\n<p>Die Seite ist im Aufbau, aber wenn ihr konkrete Ideen oder W\u00fcnsche an uns habt, schickt doch eine eMail an pfadisgegenlangeweile bei der Domain dpsg minus ulm punkt de. Ersetzt bitte &#8222;bei der Domain&#8220; durch @ und &#8222;minus&#8220;&nbsp; sowie &#8222;punkt&#8220; durch die entsprechenden Zeichen. (Ist Spamschutz). Wir werden versuchen auf eure W\u00fcnsche einzugehen.<\/p>\n<p>Bleibt gesund und Gut Pfad!<\/p>\n<p>Eure Leiter<\/p>\n","protected":false},"excerpt":{"rendered":"<p>Hallo, ihr W\u00f6lflinge, Jungpfadfinder und Pfadfinder da drau\u00dfen! Wie ihr sicher wisst, d\u00fcrfen wir in der n\u00e4chsten Zeit keine Gruppenstunden im Fort Albeck oder au\u00dferhalb anbieten. Corvid-19, besser bekannt als Corona-Virus- hat die Welt fest im Griff. Aber der Gr\u00fcnder der Pfadfinder, Lord Baden-Powell, sagte ja schon &#8222;Ein Pfadfinder pfeift und lacht &#8211; auch bei&#8230;<\/p>\n","protected":false},"author":3,"featured_media":0,"parent":0,"menu_order":0,"comment_status":"closed","ping_status":"closed","template":"","meta":{"ngg_post_thumbnail":0,"footnotes":""},"class_list":["post-3708","page","type-page","status-publish","hentry"],"_links":{"self":[{"href":"https:\/\/www.dpsg-ulm.de\/wordpress\/wp-json\/wp\/v2\/pages\/3708","targetHints":{"allow":["GET"]}}],"collection":[{"href":"https:\/\/www.dpsg-ulm.de\/wordpress\/wp-json\/wp\/v2\/pages"}],"about":[{"href":"https:\/\/www.dpsg-ulm.de\/wordpress\/wp-json\/wp\/v2\/types\/page"}],"author":[{"embeddable":true,"href":"https:\/\/www.dpsg-ulm.de\/wordpress\/wp-json\/wp\/v2\/users\/3"}],"replies":[{"embeddable":true,"href":"https:\/\/www.dpsg-ulm.de\/wordpress\/wp-json\/wp\/v2\/comments?post=3708"}],"version-history":[{"count":3,"href":"https:\/\/www.dpsg-ulm.de\/wordpress\/wp-json\/wp\/v2\/pages\/3708\/revisions"}],"predecessor-version":[{"id":3712,"href":"https:\/\/www.dpsg-ulm.de\/wordpress\/wp-json\/wp\/v2\/pages\/3708\/revisions\/3712"}],"wp:attachment":[{"href":"https:\/\/www.dpsg-ulm.de\/wordpress\/wp-json\/wp\/v2\/media?parent=3708"}],"curies":[{"name":"wp","href":"https:\/\/api.w.org\/{rel}","templated":true}]}}