{"id":3524,"date":"2019-08-07T07:55:46","date_gmt":"2019-08-07T05:55:46","guid":{"rendered":"http:\/\/www.dpsg-ulm.de\/wordpress\/?page_id=3524"},"modified":"2019-09-22T22:33:16","modified_gmt":"2019-09-22T20:33:16","slug":"presseoeffentlichkeitsarbeit","status":"publish","type":"page","link":"https:\/\/www.dpsg-ulm.de\/wordpress\/presseoeffentlichkeitsarbeit\/","title":{"rendered":"Presse&#038;\u00d6ffentlichkeitsarbeit"},"content":{"rendered":"<p>Auf den folgenden Seiten finden sich allerlei Materialien aus der Presse&amp;\u00d6ffentlichkeitsarbeit des Stamms Saint-Exup\u00e9ry.<\/p>\n<p>Wir legen auf eine regelm\u00e4\u00dfige Wahrnehmung in der \u00d6ffentlichkeit gro\u00dfen Wert &#8211; denn kirchliche Jugendarbeit geschieht nicht im &#8222;verbogenen dunklen K\u00e4mmerlein&#8220;; sondern ist vielmehr lebendig. Ganz im Sinne des pfadfinderischen Grundsatz &#8222;Tu gutes und sprich dar\u00fcber!&#8220;<\/p>\n","protected":false},"excerpt":{"rendered":"<p>Auf den folgenden Seiten finden sich allerlei Materialien aus der Presse&amp;\u00d6ffentlichkeitsarbeit des Stamms Saint-Exup\u00e9ry. Wir legen auf eine regelm\u00e4\u00dfige Wahrnehmung in der \u00d6ffentlichkeit gro\u00dfen Wert &#8211; denn kirchliche Jugendarbeit geschieht nicht im &#8222;verbogenen dunklen K\u00e4mmerlein&#8220;; sondern ist vielmehr lebendig. Ganz im Sinne des pfadfinderischen Grundsatz &#8222;Tu gutes und sprich dar\u00fcber!&#8220;<\/p>\n","protected":false},"author":3,"featured_media":0,"parent":0,"menu_order":0,"comment_status":"closed","ping_status":"closed","template":"","meta":{"ngg_post_thumbnail":0,"footnotes":""},"class_list":["post-3524","page","type-page","status-publish","hentry"],"_links":{"self":[{"href":"https:\/\/www.dpsg-ulm.de\/wordpress\/wp-json\/wp\/v2\/pages\/3524","targetHints":{"allow":["GET"]}}],"collection":[{"href":"https:\/\/www.dpsg-ulm.de\/wordpress\/wp-json\/wp\/v2\/pages"}],"about":[{"href":"https:\/\/www.dpsg-ulm.de\/wordpress\/wp-json\/wp\/v2\/types\/page"}],"author":[{"embeddable":true,"href":"https:\/\/www.dpsg-ulm.de\/wordpress\/wp-json\/wp\/v2\/users\/3"}],"replies":[{"embeddable":true,"href":"https:\/\/www.dpsg-ulm.de\/wordpress\/wp-json\/wp\/v2\/comments?post=3524"}],"version-history":[{"count":4,"href":"https:\/\/www.dpsg-ulm.de\/wordpress\/wp-json\/wp\/v2\/pages\/3524\/revisions"}],"predecessor-version":[{"id":3603,"href":"https:\/\/www.dpsg-ulm.de\/wordpress\/wp-json\/wp\/v2\/pages\/3524\/revisions\/3603"}],"wp:attachment":[{"href":"https:\/\/www.dpsg-ulm.de\/wordpress\/wp-json\/wp\/v2\/media?parent=3524"}],"curies":[{"name":"wp","href":"https:\/\/api.w.org\/{rel}","templated":true}]}}