{"id":3298,"date":"2019-05-19T05:56:19","date_gmt":"2019-05-19T03:56:19","guid":{"rendered":"http:\/\/www.dpsg-ulm.de\/wordpress\/?page_id=3298"},"modified":"2019-05-23T14:13:27","modified_gmt":"2019-05-23T12:13:27","slug":"projektbeschreibung-jungpfadfinder","status":"publish","type":"page","link":"https:\/\/www.dpsg-ulm.de\/wordpress\/projektbeschreibung-jungpfadfinder\/","title":{"rendered":"72 Stunden Projektbeschreibung &#8211; Jungpfadfinder"},"content":{"rendered":"<h2><img loading=\"lazy\" decoding=\"async\" class=\"alignleft wp-image-2994 size-medium\" src=\"http:\/\/www.dpsg-ulm.de\/wordpress\/wp-content\/uploads\/2018\/07\/Logo-Jupfis-180x300.gif\" alt=\"\" width=\"180\" height=\"300\"><\/h2>\n<div style=\"width: 250px\" class=\"wp-caption alignright\"><a class=\"ngg-fancybox\" title=\" \" href=\"https:\/\/www.dpsg-ulm.de\/wordpress\/wp-content\/gallery\/72-stunden-2019\/Jupfis-gegen-Hunger_Mit_Banner.jpeg\" target=\"_blank\" rel=\"noopener noreferrer\" data-image-id=\"352\" data-src=\"https:\/\/www.dpsg-ulm.de\/wordpress\/wp-content\/gallery\/72-stunden-2019\/Jupfis-gegen-Hunger_Mit_Banner.jpeg\" data-thumbnail=\"https:\/\/www.dpsg-ulm.de\/wordpress\/wp-content\/gallery\/72-stunden-2019\/thumbs\/thumbs_Jupfis-gegen-Hunger_Mit_Banner.jpeg\" data-title=\"Jupfis-gegen-Hunger_Mit_Banner\" data-description=\" \"><img loading=\"lazy\" decoding=\"async\" class=\"ngg-singlepic ngg-none\" src=\"https:\/\/www.dpsg-ulm.de\/wordpress\/wp-content\/gallery\/72-stunden-2019\/thumbs\/thumbs_Jupfis-gegen-Hunger_Mit_Banner.jpeg\" alt=\"Jupfis-gegen-Hunger_Mit_Banner\" width=\"240\" height=\"160\"><\/a><p class=\"wp-caption-text\">Die Aktionsgruppe &#8222;Jupfis gegen Hunger&#8220;<\/p><\/div>\n<h2>&nbsp;<\/h2>\n<h2>&nbsp;<\/h2>\n<h2>&nbsp;<\/h2>\n<h2>&nbsp;<\/h2>\n<h2>&nbsp;<\/h2>\n<h2>&nbsp;<\/h2>\n<h2>&nbsp;<\/h2>\n<p>&nbsp;<\/p>\n<h2>Projektbeschreibung der Jungpfadfinderstufe<br \/>\n&#8222;Jupfis gegen Hunger&#8220;<\/h2>\n<p>Jungpfadfinder mischen sich in die Gesellschaft ein &#8211; und zeigen dies in ihrem Handlungsfeld &#8222;Abenteuer Gesellschaft&#8220; auf besondere Weise. Auch bei der 72-Stunden Aktion!<\/p>\n<p>In Ulm und anderswo gibt es leider immer noch Menschen, deren Existenz t\u00e4glich ein Kampf ums \u00dcberleben bedeutet. Wir setzen uns ein, dass Menschen t\u00e4glich Zugang zu Lebensmittel haben &#8211; denn das ist ein Menschenrecht!<\/p>\n<p>Durch verschiedene Aktionen -wie einen Einkaufstaschenverkauf &#8211; werden wir auf diese Weise Geld f\u00fcr die Versorgung mit Lebensmitteln f\u00fcr bed\u00fcrftige Menschen sammeln.<br \/>\nZum Abschluss soll es ein gro\u00dfes Grillfest geben, an dem jeder, der sonst nicht oft die Chance auf eine warme Mahlzeit hat, herzlich willkommen ist.<\/p>\n<p>&nbsp;<\/p>\n","protected":false},"excerpt":{"rendered":"<p>&nbsp; &nbsp; &nbsp; &nbsp; &nbsp; &nbsp; &nbsp; &nbsp; Projektbeschreibung der Jungpfadfinderstufe &#8222;Jupfis gegen Hunger&#8220; Jungpfadfinder mischen sich in die Gesellschaft ein &#8211; und zeigen dies in ihrem Handlungsfeld &#8222;Abenteuer Gesellschaft&#8220; auf besondere Weise. Auch bei der 72-Stunden Aktion! In Ulm und anderswo gibt es leider immer noch Menschen, deren Existenz t\u00e4glich ein Kampf ums \u00dcberleben&#8230;<\/p>\n","protected":false},"author":3,"featured_media":0,"parent":0,"menu_order":0,"comment_status":"closed","ping_status":"closed","template":"","meta":{"ngg_post_thumbnail":0,"footnotes":""},"class_list":["post-3298","page","type-page","status-publish","hentry"],"_links":{"self":[{"href":"https:\/\/www.dpsg-ulm.de\/wordpress\/wp-json\/wp\/v2\/pages\/3298","targetHints":{"allow":["GET"]}}],"collection":[{"href":"https:\/\/www.dpsg-ulm.de\/wordpress\/wp-json\/wp\/v2\/pages"}],"about":[{"href":"https:\/\/www.dpsg-ulm.de\/wordpress\/wp-json\/wp\/v2\/types\/page"}],"author":[{"embeddable":true,"href":"https:\/\/www.dpsg-ulm.de\/wordpress\/wp-json\/wp\/v2\/users\/3"}],"replies":[{"embeddable":true,"href":"https:\/\/www.dpsg-ulm.de\/wordpress\/wp-json\/wp\/v2\/comments?post=3298"}],"version-history":[{"count":6,"href":"https:\/\/www.dpsg-ulm.de\/wordpress\/wp-json\/wp\/v2\/pages\/3298\/revisions"}],"predecessor-version":[{"id":3392,"href":"https:\/\/www.dpsg-ulm.de\/wordpress\/wp-json\/wp\/v2\/pages\/3298\/revisions\/3392"}],"wp:attachment":[{"href":"https:\/\/www.dpsg-ulm.de\/wordpress\/wp-json\/wp\/v2\/media?parent=3298"}],"curies":[{"name":"wp","href":"https:\/\/api.w.org\/{rel}","templated":true}]}}