{"id":2933,"date":"2018-05-26T06:32:38","date_gmt":"2018-05-26T04:32:38","guid":{"rendered":"http:\/\/www.dpsg-ulm.de\/wordpress\/?page_id=2933"},"modified":"2024-06-28T22:11:28","modified_gmt":"2024-06-28T20:11:28","slug":"datenschutzerklaerung","status":"publish","type":"page","link":"https:\/\/www.dpsg-ulm.de\/wordpress\/datenschutzerklaerung\/","title":{"rendered":"Datenschutzerkl\u00e4rung"},"content":{"rendered":"<div id=\"c9889\" class=\"csc-default\">\n<p class=\"bodytext\"><b>1. <\/b> <b>Datenschutzerkl\u00e4rung<\/b><\/p>\n<p class=\"bodytext\">Diese Datenschutzerkl\u00e4rung unterrichtet dich gem\u00e4\u00df Art. 13 DS-GVO analog dazu \u00a7 15 KDG \u00fcber Art und Weise und die Hintergr\u00fcnde der Verarbeitung deiner personenbezogenen Daten \u00fcber die Website www.dpsg-ulm.de (nachfolgend \u201e <b>Website<\/b>\u201c) und \u00fcber die euch zustehenden Rechte.<\/p>\n<p class=\"bodytext\">Personenbezogene Daten sind alle Informationen, die sich auf eine identifizierte oder identifizierbare nat\u00fcrliche Person beziehen. Als identifizierbar wird eine nat\u00fcrliche Person angesehen, die direkt oder indirekt, insbesondere mittels Zuordnung zu einer Kennung wie einem Namen, zu einer Kennnummer, zu Standortdaten, zu einer Online-Kennung oder zu einem oder mehreren besonderen Merkmalen identifiziert werden kann, die Ausdruck der physischen, physiologischen, genetischen, psychischen, wirtschaftlichen, kulturellen oder sozialen Identit\u00e4t dieser nat\u00fcrlichen Person sind. Dieses sind also nicht nur dein Name, deine E-Mail-Adresse oder \u201adeine Kontaktdaten, sondern z.B. auch die IP-Adresse, \u00fcber die du ggf. rein informatorisch unsere Website besuchst.<\/p>\n<p class=\"bodytext\"><b>2. <\/b> <b>Verantwortliche\/r <\/b><\/p>\n<p class=\"bodytext\">Verantwortliche gem\u00e4\u00df Art. 4 Nr. 7 DS-GVO bzw. \u00a7 4 Nr. 9 KDG ist:<\/p>\n<p class=\"bodytext\">Deutsche Pfadfinderschaft Sankt Georg<br \/>\nStamm Saint-Exup\u00e9ry Ulm<br \/>\nFort Albeck 14<br \/>\n89075 Ulm<\/p>\n<p class=\"bodytext\">Vertretungsberechtigt ist der Stammesvorstand: Andreas Schairer, Simon Berlec<\/p>\n<p class=\"bodytext\">Kontakt:<\/p>\n<p class=\"bodytext\">Tel.: <span class=\"_5yl5\"> 07308 4091372<\/span><br \/>\nE-Mail: vorstand bei der Domain dpsg-ulm punkt de (Bitte &#8222;bei der Domain&#8220; durch @ und &#8222;punkt&#8220; durch . ersetzen, dient der Spam-Abwehr!)<\/p>\n<p class=\"bodytext\"><b>3. <\/b> <b>Datenschutzbeauftragte\/r <\/b><\/p>\n<p class=\"bodytext\">Die Kontaktdaten der\/des Datenschutzbeauftragte\/n des Stamm Saint-Exup\u00e9ry Ulm lauten: dsb bei der Domain dpsg-ulm punkt de. (Bitte &#8222;bei der Domain&#8220; durch @ und &#8222;punkt&#8220; durch . ersetzen, dient der Spam-Abwehr!)<\/p>\n<p class=\"bodytext\">&nbsp;<\/p>\n<p class=\"bodytext\"><b>4. <\/b> <b>Eure Betroffenenrechte<\/b><\/p>\n<p class=\"bodytext\">Ihr habt nach der DS-GVO und dem KDG (\u00a7\u00a7 17 ff. KDG) folgende Rechte hinsichtlich der euch betreffenden personenbezogenen Daten:<\/p>\n<p class=\"bodytext\">&#8211; Recht auf Auskunft,<\/p>\n<p class=\"bodytext\">&#8211; Recht auf Berichtigung,<\/p>\n<p class=\"bodytext\">&#8211; Recht auf L\u00f6schung,<\/p>\n<p class=\"bodytext\">&#8211; Recht auf Einschr\u00e4nkung der Verarbeitung,<\/p>\n<p class=\"bodytext\">&#8211; Recht auf Widerspruch gegen die Verarbeitung,<\/p>\n<p class=\"bodytext\">&#8211; Recht auf Daten\u00fcbertragbarkeit.<\/p>\n<p class=\"bodytext\">Sie haben zudem das Recht, sich bei einer Datenschutz-Aufsichtsbeh\u00f6rde bzw. der Datenschutzaufsicht (\u00a7\u00a7 42 ff. KDG) \u00fcber die Verarbeitung Ihrer personenbezogenen Daten zu beschweren.<\/p>\n<p class=\"bodytext\"><b>5. <\/b> <b>Kontaktanfragen<\/b><\/p>\n<p class=\"bodytext\">Bei Anfragen \u00fcber unser Kontaktformular oder im Rahmen unserer dir zur Verf\u00fcgung gestellten E-Mailadresse verarbeiten wir die von dir freiwillig zur Verf\u00fcgung gestellten personenbezogenen Daten ausschlie\u00dflich dazu, um deine Anfrage zu bearbeiten, zu beantworten oder uns mit dir in Verbindung zu setzen. Die in diesem Zusammenhang anfallenden Daten werden nach abschlie\u00dfender Beantwortung gel\u00f6scht, sollten nicht gesetzliche oder sonstige Aufbewahrungspflichten bestehen. Rechtsgrundlage f\u00fcr diese Verarbeitung Ihrer personenbezogenen Daten ist Art. 6 Abs. 1 lit. b DS-GVO bzw. \u00a7 6 Abs. 1 lit. c KDG.<\/p>\n<p class=\"bodytext\"><b>6. <\/b> <b>Links zu anderen Websites <\/b><\/p>\n<p class=\"bodytext\">Die Website enth\u00e4lt ggf. Links zu anderen Websites, zu Datenschutzerkl\u00e4rungen und Datenschutzrichtlinien auf diesen Websites. Wir \u00fcbernehmen weder eine Haftung noch eine Verantwortung f\u00fcr diese nicht im Zusammenhang mit unserer Website stehenden Erkl\u00e4rungen und Richtlinien.<\/p>\n<p class=\"bodytext\"><b>7. <\/b> <b>Rein informatorischer Besuch unserer Website<\/b><\/p>\n<p class=\"bodytext\">Bei dem informatorischen Besuch unserer Website erfassen wir automatisiert folgende Daten und Informationen vom Computersystem des aufrufenden Rechners:<\/p>\n<p class=\"bodytext\">&#8211; <i>IP-Adresse<\/i><\/p>\n<p class=\"bodytext\">&#8211; <i>Datum und Uhrzeit der Anfrage<\/i><\/p>\n<p class=\"bodytext\">&#8211; <i>Zeitzonendifferenz zur Greenwich Mean Time (GMT)<\/i><\/p>\n<p class=\"bodytext\">&#8211; <i>Inhalt der Anforderung (konkrete Seite)<\/i><\/p>\n<p class=\"bodytext\">&#8211; <i>Zugriffsstatus\/HTTP-Statuscode<\/i><\/p>\n<p class=\"bodytext\">&#8211; <i>jeweils \u00fcbertragene Datenmenge<\/i><\/p>\n<p class=\"bodytext\">&#8211; <i>Website, von der die Anforderung kommt<\/i><\/p>\n<p class=\"bodytext\">&#8211; <i>Browser<\/i><\/p>\n<p class=\"bodytext\">&#8211; <i>Betriebssystem und dessen Oberfl\u00e4che<\/i><\/p>\n<p class=\"bodytext\">&#8211; <i>Sprache und Version der Browsersoftware<\/i><\/p>\n<p class=\"bodytext\"><i> Die Daten werden ebenfalls in den Logfiles unseres Systems gespeichert. Eine Speicherung dieser Daten zusammen mit anderen personenbezogenen Daten des Nutzers findet nicht statt. <\/i><\/p>\n<p class=\"bodytext\">Diese Datenverarbeitung durch unser System dient dem Zweck und unserem Interesse, die Auslieferung der Website an den Rechner des Nutzers zu erm\u00f6glichen. Hierf\u00fcr muss die IP-Adresse des Nutzers f\u00fcr die Dauer der Sitzung gespeichert bleiben. <i> Die Speicherung in Logfiles erfolgt zu dem Zweck und unserem Interesse, die Funktionsf\u00e4higkeit der Website sicherzustellen und zur Optimierung der Website sowie zur Sicherstellung der Sicherheit unserer informationstechnischen Systeme. Eine Auswertung dieser Daten zu Marketingzwecken findet nicht statt. <\/i><\/p>\n<p class=\"bodytext\">Rechtsgrundlage f\u00fcr die Datenverarbeitung ist Art. 6 Abs. 1 S. 1 lit. f DS-GVO bzw. \u00a7 6 Abs. 1 lit. g KDG. Die Daten werden in unserem System gel\u00f6scht, wenn die jeweilige Sitzung beendet ist. <i> Die in den Logfiles gespeicherten Daten werden nach sp\u00e4testens sieben Tagen gel\u00f6scht oder anonymisiert, sodass eine Zuordnung des aufrufenden Clients nicht mehr m\u00f6glich ist. <\/i> Die Erfassung der Daten zur Bereitstellung der Website <i>und die Speicherung der Daten in Logfiles<\/i> ist f\u00fcr den Betrieb der Internetseite zwingend erforderlich. Im \u00dcbrigen erheben wir personenbezogene Daten von dir nur dann, wenn du uns diese auf der Website freiwillig zur Verf\u00fcgung stellst, z. B., wenn du ein Benutzerkonto einrichten oder dich bei einem Newsletter registrieren, eine Bestellung aufgeben oder mit uns in Kontakt treten m\u00f6chtest.<\/p>\n<p class=\"bodytext\">Du kannst die Website auch generell besuchen, ohne personenbezogene Daten preiszugeben. In diesem Fall kann es jedoch sein, dass ihr bestimmte Bereiche der Website nicht nutzen bzw. wir eine Anfrage von euch nicht beantworten k\u00f6nnen.<\/p>\n<p class=\"bodytext\"><b>8. <\/b> <b>Was sind Cookies?<\/b><\/p>\n<p class=\"bodytext\">Ein Cookie ist ein kleiner Datensatz, der auf Ihrem Endger\u00e4t gespeichert wird und Daten wie z. B. pers\u00f6nliche Seiteneinstellungen und Anmeldeinformationen enth\u00e4lt. Dieser Datensatz wird von dem Webserver, mit dem du \u00fcber deinen Webbrowser eine Verbindung aufgebaut hast, erzeugt und an dich gesendet.<\/p>\n<p class=\"bodytext\">Nachfolgend sind die gebr\u00e4uchlichsten Arten von Cookies zu deinem Verst\u00e4ndnis erkl\u00e4rt:<\/p>\n<p class=\"bodytext\">&#8211; <b>Sitzungs-Cookies:<\/b> W\u00e4hrend du auf einer Webseite aktiv bist, wird tempor\u00e4r ein Sitzungs-Cookie im Speicher deines Computers abgelegt, in dem eine Sitzungskennung gespeichert wird, um z. B. bei jedem Seitenwechsel zu verhindern, dass du dich erneut anmelden musst. Sitzungs-Cookies werden bei der Abmeldung gel\u00f6scht oder verlieren ihre G\u00fcltigkeit, sobald ihre Sitzung automatisch abgelaufen ist.<\/p>\n<p class=\"bodytext\">&#8211; <b>Permanente oder Protokoll-Cookies:<\/b> Ein permanenter oder Protokoll-Cookie speichert eine Datei \u00fcber den im Ablaufdatum vorgesehenen Zeitraum auf deinem Computer. Durch diese Cookies erinnern sich Websites bei deinem n\u00e4chsten Besuch an deine Informationen und Einstellungen. Das f\u00fchrt zu einem schnelleren und bequemeren Zugriff, da du z. B. nicht erneut die Spracheinstellung vornehmen musst. Mit Verstreichen des Ablaufdatums wird der Cookie automatisch gel\u00f6scht, wenn du die Webseite besuchst, die diesen erzeugt hat.<\/p>\n<p class=\"bodytext\"><b>Drittanbieter-Cookies:<\/b> Drittanbieter-Cookies stammen von anderen Anbietern als dem Betreiber der Webseite. Sie k\u00f6nnen beispielsweise zum Sammeln von Informationen f\u00fcr Werbung, benutzerdefinierte Inhalte und Web-Statistiken verwendet werden.<\/p>\n<p class=\"bodytext\"><b>9. <\/b> <b>Technisch notwendige Cookies<\/b><\/p>\n<p class=\"bodytext\">Einige Elemente unserer Internetseite erfordern es, dass der aufrufende Browser auch nach einem Seitenwechsel identifiziert werden kann. In den bei euch zu setzenden Cookies werden dabei folgende Daten gespeichert und \u00fcbermittelt:<\/p>\n<p class=\"bodytext\">&#8211; <i>Spracheinstellungen<\/i><\/p>\n<p class=\"bodytext\">&#8211; <i>Artikel in einem Warenkorb<\/i><\/p>\n<p class=\"bodytext\">&#8211; <i>Log-In-Informationen<\/i><\/p>\n<p class=\"bodytext\">Die Cookies werden bei Schlie\u00dfung des Browsers gel\u00f6scht. Die Rechtsgrundlage f\u00fcr die Verarbeitung personenbezogener Daten unter Verwendung dieser technisch notwendigen Cookies ist Art. 6 Abs. 1 lit. f DSGVO bzw. \u00a7 6 Abs. 1 lit. g KDG. Die Cookies dienen unserem berechtigten Interesse, die Nutzung und Bereitstellung unserer Website zu erm\u00f6glichen. Bei den Cookies handelt es sich um f\u00fcr die Nutzung der Website technisch notwendige Cookies.<\/p>\n<p class=\"bodytext\"><b>10. <\/b> <b>Externe Plugins<\/b><\/p>\n<p class=\"bodytext\">F\u00fcr die Anfahrtsanzeige verwenden wir den Google Dienst Maps. Bei einer Routenplanung werden eingegebene Daten an Google \u00fcbertragen. Weitere Informationen zu den Datenschutzrichtlinien von Google Inc. finden Sie unter <a href=\"https:\/\/policies.google.com\/privacy?fg=1\" target=\"_blank\" rel=\"noopener noreferrer\">https:\/\/policies.google.com\/privacy?fg=1<\/a><\/p>\n<p>F\u00fcr die Anzeige eingebetteter Videos verwenden wir den Google Dienst YouTube. Bei einer Anzeige werden eingegebene Daten an Google \u00fcbertragen. Weitere Informationen zu den Datenschutzrichtlinien von Google Inc. finden Sie unter <a href=\"https:\/\/policies.google.com\/privacy?fg=1\" target=\"_blank\" rel=\"noopener noreferrer\">https:\/\/policies.google.com\/privacy?fg=1<\/a><\/p>\n<p>Der Terminkalender des DPSG Stamm Saint-Exup\u00e9ry Ulm ist Teil des Dientes &#8222;Scoutnet-Kalender&#8220; des Scoutnet e.V. Deren Datenschutzerkl\u00e4rung ist unter <a href=\"https:\/\/www.scoutnet.de\/datenschutz.html\" target=\"_blank\" rel=\"noopener noreferrer\">https:\/\/www.scoutnet.de\/datenschutz.html<\/a> abrufbar.<\/p>\n<\/div>\n<div id=\"c9889\" class=\"csc-default\">\n<p>Wir benutzen den Feed des Instagram-Dienstes der <span class=\"x1lliihq x1plvlek xryxfnj x1n2onr6 x193iq5w xeuugli x1fj9vlw x13faqbe x1vvkbs x1s928wv xhkezso x1gmr53x x1cpjm7i x1fgarty x1943h6x xt4736n x1f0sm9e x15zrtf0 xzsf02u x1yc453h x4zkp8e x41vudc\">Meta Platforms Ireland Limited<\/span>. Deren Datenschutzerkl\u00e4rung ist unter <a href=\"https:\/\/help.instagram.com\/519522125107875?helpref=page_content\" target=\"_blank\" rel=\"noopener noreferrer\">https:\/\/help.instagram.com\/519522125107875?helpref=page_content <\/a>abrufbar.<\/p>\n<p>Wir benutzen den Feed des Dienstes &#8222;Twitter&#8220; der Twitter International Unlimited Company. Deren Datenschutzerkl\u00e4rung ist unter <a href=\"https:\/\/twitter.com\/de\/privacy\" target=\"_blank\" rel=\"noopener\">https:\/\/twitter.com\/de\/privacy<\/a> abrufbar.<\/p>\n<p>&nbsp;<\/p>\n<\/div>\n","protected":false},"excerpt":{"rendered":"<p>1. Datenschutzerkl\u00e4rung Diese Datenschutzerkl\u00e4rung unterrichtet dich gem\u00e4\u00df Art. 13 DS-GVO analog dazu \u00a7 15 KDG \u00fcber Art und Weise und die Hintergr\u00fcnde der Verarbeitung deiner personenbezogenen Daten \u00fcber die Website www.dpsg-ulm.de (nachfolgend \u201e Website\u201c) und \u00fcber die euch zustehenden Rechte. Personenbezogene Daten sind alle Informationen, die sich auf eine identifizierte oder identifizierbare nat\u00fcrliche Person beziehen&#8230;.<\/p>\n","protected":false},"author":3,"featured_media":0,"parent":0,"menu_order":0,"comment_status":"closed","ping_status":"closed","template":"","meta":{"ngg_post_thumbnail":0,"footnotes":""},"class_list":["post-2933","page","type-page","status-publish","hentry"],"_links":{"self":[{"href":"https:\/\/www.dpsg-ulm.de\/wordpress\/wp-json\/wp\/v2\/pages\/2933","targetHints":{"allow":["GET"]}}],"collection":[{"href":"https:\/\/www.dpsg-ulm.de\/wordpress\/wp-json\/wp\/v2\/pages"}],"about":[{"href":"https:\/\/www.dpsg-ulm.de\/wordpress\/wp-json\/wp\/v2\/types\/page"}],"author":[{"embeddable":true,"href":"https:\/\/www.dpsg-ulm.de\/wordpress\/wp-json\/wp\/v2\/users\/3"}],"replies":[{"embeddable":true,"href":"https:\/\/www.dpsg-ulm.de\/wordpress\/wp-json\/wp\/v2\/comments?post=2933"}],"version-history":[{"count":15,"href":"https:\/\/www.dpsg-ulm.de\/wordpress\/wp-json\/wp\/v2\/pages\/2933\/revisions"}],"predecessor-version":[{"id":4625,"href":"https:\/\/www.dpsg-ulm.de\/wordpress\/wp-json\/wp\/v2\/pages\/2933\/revisions\/4625"}],"wp:attachment":[{"href":"https:\/\/www.dpsg-ulm.de\/wordpress\/wp-json\/wp\/v2\/media?parent=2933"}],"curies":[{"name":"wp","href":"https:\/\/api.w.org\/{rel}","templated":true}]}}