{"id":2823,"date":"2018-03-22T22:57:19","date_gmt":"2018-03-22T21:57:19","guid":{"rendered":"http:\/\/www.dpsg-ulm.de\/wordpress\/?page_id=2823"},"modified":"2026-04-07T20:27:43","modified_gmt":"2026-04-07T18:27:43","slug":"downloads","status":"publish","type":"page","link":"https:\/\/www.dpsg-ulm.de\/wordpress\/downloads\/","title":{"rendered":"Downloads"},"content":{"rendered":"<p>Hier finden sich stets aktuelle Ausschreibungen, Anmeldungen f\u00fcr k\u00fcnftige Aktionen und sonstige wichtige Dokumente:<\/p>\n<p><strong>Ausschreibungen, aktuelle Anmeldungen<\/strong>:<\/p>\n<p>&#8211; aktuell sind keine Ausschreibungen oder Anmeldungen verf\u00fcgbar &#8211;&nbsp;<\/p>\n<p><strong>Informationen:<\/strong><\/p>\n<div class='w3eden'><!-- WPDM Link Template: Default Template -->\n\n<div class=\"link-template-default card mb-2\">\n    <div class=\"card-body\">\n        <div class=\"media\">\n            <div class=\"mr-3 img-48\"><img decoding=\"async\" class=\"wpdm_icon\" alt=\"Icon\"   src=\"https:\/\/www.dpsg-ulm.de\/wordpress\/wp-content\/plugins\/download-manager\/assets\/file-type-icons\/pdf.png\" \/><\/div>\n            <div class=\"media-body\">\n                <h3 class=\"package-title\"><a href='https:\/\/www.dpsg-ulm.de\/wordpress\/download\/zusammenfassung-des-elternabend-am-26-maerz-2026\/'>Zusammenfassung des Elternabend am 26. M\u00e4rz 2026<\/a><\/h3>\n                <div class=\"text-muted text-small\"><i class=\"fas fa-copy\"><\/i> 1 Datei(en) <i class=\"fas fa-hdd ml-3\"><\/i> 3.41 MB<\/div>\n            <\/div>\n            <div class=\"ml-3\">\n                <a class='wpdm-download-link download-on-click btn btn-primary ' rel='nofollow' href='#' data-downloadurl=\"https:\/\/www.dpsg-ulm.de\/wordpress\/download\/zusammenfassung-des-elternabend-am-26-maerz-2026\/?wpdmdl=4789&refresh=69f37bf2d8b4d1777564658\">Download<\/a>\n            <\/div>\n        <\/div>\n    <\/div>\n<\/div>\n\n<\/div>\n<div class='w3eden'><!-- WPDM Link Template: Default Template -->\n\n<div class=\"link-template-default card mb-2\">\n    <div class=\"card-body\">\n        <div class=\"media\">\n            <div class=\"mr-3 img-48\"><img decoding=\"async\" class=\"wpdm_icon\" alt=\"Icon\"   src=\"https:\/\/www.dpsg-ulm.de\/wordpress\/wp-content\/plugins\/download-manager\/assets\/file-type-icons\/pdf.png\" \/><\/div>\n            <div class=\"media-body\">\n                <h3 class=\"package-title\"><a href='https:\/\/www.dpsg-ulm.de\/wordpress\/download\/jahresplan-2025-2026-stand-08-september-2025\/'>Jahresplan 2025\/2026 (Stand: 08. September 2025)<\/a><\/h3>\n                <div class=\"text-muted text-small\"><i class=\"fas fa-copy\"><\/i> 1 Datei(en) <i class=\"fas fa-hdd ml-3\"><\/i> 59 kB<\/div>\n            <\/div>\n            <div class=\"ml-3\">\n                <a class='wpdm-download-link download-on-click btn btn-primary ' rel='nofollow' href='#' data-downloadurl=\"https:\/\/www.dpsg-ulm.de\/wordpress\/download\/jahresplan-2025-2026-stand-08-september-2025\/?wpdmdl=4728&refresh=69f37bf2dbc061777564658\">Download<\/a>\n            <\/div>\n        <\/div>\n    <\/div>\n<\/div>\n\n<\/div>\n<div class='w3eden'><!-- WPDM Link Template: Default Template -->\n\n<div class=\"link-template-default card mb-2\">\n    <div class=\"card-body\">\n        <div class=\"media\">\n            <div class=\"mr-3 img-48\"><img decoding=\"async\" class=\"wpdm_icon\" alt=\"Icon\"   src=\"https:\/\/www.dpsg-ulm.de\/wordpress\/wp-content\/plugins\/download-manager\/assets\/file-type-icons\/pdf.png\" \/><\/div>\n            <div class=\"media-body\">\n                <h3 class=\"package-title\"><a href='https:\/\/www.dpsg-ulm.de\/wordpress\/download\/rollimap-der-ulmer-innenstadt-72-stunden-projekt-der-pfadfinderstufe\/'>Rollimap der Ulmer Innenstadt (72-Stunden Projekt der Pfadfinderstufe)<\/a><\/h3>\n                <div class=\"text-muted text-small\"><i class=\"fas fa-copy\"><\/i> 1 Datei(en) <i class=\"fas fa-hdd ml-3\"><\/i> 1,7 MB<\/div>\n            <\/div>\n            <div class=\"ml-3\">\n                <a class='wpdm-download-link download-on-click btn btn-primary ' rel='nofollow' href='#' data-downloadurl=\"https:\/\/www.dpsg-ulm.de\/wordpress\/download\/rollimap-der-ulmer-innenstadt-72-stunden-projekt-der-pfadfinderstufe\/?wpdmdl=3674&refresh=69f37bf2de5e81777564658\">Download<\/a>\n            <\/div>\n        <\/div>\n    <\/div>\n<\/div>\n\n<\/div>\n<div class='w3eden'><!-- WPDM Link Template: Default Template -->\n\n<div class=\"link-template-default card mb-2\">\n    <div class=\"card-body\">\n        <div class=\"media\">\n            <div class=\"mr-3 img-48\"><img decoding=\"async\" class=\"wpdm_icon\" alt=\"Icon\"   src=\"https:\/\/www.dpsg-ulm.de\/wordpress\/wp-content\/plugins\/download-manager\/assets\/file-type-icons\/pdf.png\" \/><\/div>\n            <div class=\"media-body\">\n                <h3 class=\"package-title\"><a href='https:\/\/www.dpsg-ulm.de\/wordpress\/download\/rollimap-der-friedrichsau-72-stunden-projekt-der-pfadfinderstufe\/'>Rollimap der Friedrichsau (72-Stunden Projekt der Pfadfinderstufe)<\/a><\/h3>\n                <div class=\"text-muted text-small\"><i class=\"fas fa-copy\"><\/i> 1 Datei(en) <i class=\"fas fa-hdd ml-3\"><\/i> 1,7 MB<\/div>\n            <\/div>\n            <div class=\"ml-3\">\n                <a class='wpdm-download-link download-on-click btn btn-primary ' rel='nofollow' href='#' data-downloadurl=\"https:\/\/www.dpsg-ulm.de\/wordpress\/download\/rollimap-der-friedrichsau-72-stunden-projekt-der-pfadfinderstufe\/?wpdmdl=3677&refresh=69f37bf2e0aed1777564658\">Download<\/a>\n            <\/div>\n        <\/div>\n    <\/div>\n<\/div>\n\n<\/div>\n<div class='w3eden'><!-- WPDM Link Template: Default Template -->\n\n<div class=\"link-template-default card mb-2\">\n    <div class=\"card-body\">\n        <div class=\"media\">\n            <div class=\"mr-3 img-48\"><img decoding=\"async\" class=\"wpdm_icon\" alt=\"Icon\"   src=\"https:\/\/www.dpsg-ulm.de\/wordpress\/wp-content\/plugins\/download-manager\/assets\/file-type-icons\/pdf.png\" \/><\/div>\n            <div class=\"media-body\">\n                <h3 class=\"package-title\"><a href='https:\/\/www.dpsg-ulm.de\/wordpress\/download\/allgemeine-packliste-fuer-lager-hikes\/'>Allgemeine Packliste f\u00fcr Lager\/Hikes (Stand: 03. August 2020)<\/a><\/h3>\n                <div class=\"text-muted text-small\"><i class=\"fas fa-copy\"><\/i> 1 Datei(en) <i class=\"fas fa-hdd ml-3\"><\/i> 51.63 KB<\/div>\n            <\/div>\n            <div class=\"ml-3\">\n                <a class='wpdm-download-link download-on-click btn btn-primary ' rel='nofollow' href='#' data-downloadurl=\"https:\/\/www.dpsg-ulm.de\/wordpress\/download\/allgemeine-packliste-fuer-lager-hikes\/?wpdmdl=3565&refresh=69f37bf2e32cf1777564658\">Download<\/a>\n            <\/div>\n        <\/div>\n    <\/div>\n<\/div>\n\n<\/div>\n<div class='w3eden'><!-- WPDM Link Template: Default Template -->\n\n<div class=\"link-template-default card mb-2\">\n    <div class=\"card-body\">\n        <div class=\"media\">\n            <div class=\"mr-3 img-48\"><img decoding=\"async\" class=\"wpdm_icon\" alt=\"Icon\"   src=\"https:\/\/www.dpsg-ulm.de\/wordpress\/wp-content\/plugins\/download-manager\/assets\/file-type-icons\/pdf.png\" \/><\/div>\n            <div class=\"media-body\">\n                <h3 class=\"package-title\"><a href='https:\/\/www.dpsg-ulm.de\/wordpress\/download\/informationsblatt-ueber-den-zeltplatz-spatzenweiher\/'>Informationsblatt \u00fcber den Zeltplatz \"Spatzenweiher\" (Stand Oktober 2022)<\/a><\/h3>\n                <div class=\"text-muted text-small\"><i class=\"fas fa-copy\"><\/i> 1 Datei(en) <i class=\"fas fa-hdd ml-3\"><\/i> 2,7 MB<\/div>\n            <\/div>\n            <div class=\"ml-3\">\n                <a class='wpdm-download-link download-on-click btn btn-primary ' rel='nofollow' href='#' data-downloadurl=\"https:\/\/www.dpsg-ulm.de\/wordpress\/download\/informationsblatt-ueber-den-zeltplatz-spatzenweiher\/?wpdmdl=3153&refresh=69f37bf2e6a051777564658\">Download<\/a>\n            <\/div>\n        <\/div>\n    <\/div>\n<\/div>\n\n<\/div>\n<div class='w3eden'><!-- WPDM Link Template: Default Template -->\n\n<div class=\"link-template-default card mb-2\">\n    <div class=\"card-body\">\n        <div class=\"media\">\n            <div class=\"mr-3 img-48\"><img decoding=\"async\" class=\"wpdm_icon\" alt=\"Icon\"   src=\"https:\/\/www.dpsg-ulm.de\/wordpress\/wp-content\/plugins\/download-manager\/assets\/file-type-icons\/pdf.png\" \/><\/div>\n            <div class=\"media-body\">\n                <h3 class=\"package-title\"><a href='https:\/\/www.dpsg-ulm.de\/wordpress\/download\/infoflyer-des-stamms-zum-ausdrucken\/'>Infoflyer des Stamms zum Ausdrucken<\/a><\/h3>\n                <div class=\"text-muted text-small\"><i class=\"fas fa-copy\"><\/i> 1 Datei(en) <i class=\"fas fa-hdd ml-3\"><\/i> 17 MB<\/div>\n            <\/div>\n            <div class=\"ml-3\">\n                <a class='wpdm-download-link download-on-click btn btn-primary ' rel='nofollow' href='#' data-downloadurl=\"https:\/\/www.dpsg-ulm.de\/wordpress\/download\/infoflyer-des-stamms-zum-ausdrucken\/?wpdmdl=4069&refresh=69f37bf2e8f9c1777564658\">Download<\/a>\n            <\/div>\n        <\/div>\n    <\/div>\n<\/div>\n\n<\/div>\n<div class='w3eden'><!-- WPDM Link Template: Default Template -->\n\n<div class=\"link-template-default card mb-2\">\n    <div class=\"card-body\">\n        <div class=\"media\">\n            <div class=\"mr-3 img-48\"><img decoding=\"async\" class=\"wpdm_icon\" alt=\"Icon\"   src=\"https:\/\/www.dpsg-ulm.de\/wordpress\/wp-content\/plugins\/download-manager\/assets\/file-type-icons\/pdf.png\" \/><\/div>\n            <div class=\"media-body\">\n                <h3 class=\"package-title\"><a href='https:\/\/www.dpsg-ulm.de\/wordpress\/download\/satzung-des-freunde-und-foerderer-der-deutschen-pfadfinderschaft-st-georg-dpsg-stamm-saint-exupery-ulm-e-v\/'>Satzung des Freunde und F\u00f6rderer der Deutschen Pfadfinderschaft St.Georg (DPSG) Stamm Saint-Exup\u00e9ry Ulm e.V.<\/a><\/h3>\n                <div class=\"text-muted text-small\"><i class=\"fas fa-copy\"><\/i> 1 Datei(en) <i class=\"fas fa-hdd ml-3\"><\/i> 48 kb<\/div>\n            <\/div>\n            <div class=\"ml-3\">\n                <a class='wpdm-download-link download-on-click btn btn-primary ' rel='nofollow' href='#' data-downloadurl=\"https:\/\/www.dpsg-ulm.de\/wordpress\/download\/satzung-des-freunde-und-foerderer-der-deutschen-pfadfinderschaft-st-georg-dpsg-stamm-saint-exupery-ulm-e-v\/?wpdmdl=2951&refresh=69f37bf2ed60a1777564658\">Download<\/a>\n            <\/div>\n        <\/div>\n    <\/div>\n<\/div>\n\n<\/div>\n<p><strong>Vorlagen:<\/strong><\/p>\n<div class='w3eden'><!-- WPDM Link Template: Default Template -->\n\n<div class=\"link-template-default card mb-2\">\n    <div class=\"card-body\">\n        <div class=\"media\">\n            <div class=\"mr-3 img-48\"><img decoding=\"async\" class=\"wpdm_icon\" alt=\"Icon\"   src=\"https:\/\/www.dpsg-ulm.de\/wordpress\/wp-content\/plugins\/download-manager\/assets\/file-type-icons\/jpeg.png\" \/><\/div>\n            <div class=\"media-body\">\n                <h3 class=\"package-title\"><a href='https:\/\/www.dpsg-ulm.de\/wordpress\/download\/lilie-der-dpsg-stamm-saint-exupery-ulm-gezeichnet-von-manfred-mawa-wacker-2012\/'>Lilie der DPSG Stamm Saint-Exup\u00e9ry Ulm - gezeichnet von Manfred \"mawa\" Wacker (+2012)<\/a><\/h3>\n                <div class=\"text-muted text-small\"><i class=\"fas fa-copy\"><\/i> 1 Datei(en) <i class=\"fas fa-hdd ml-3\"><\/i> 251 kB<\/div>\n            <\/div>\n            <div class=\"ml-3\">\n                <a class='wpdm-download-link download-on-click btn btn-primary ' rel='nofollow' href='#' data-downloadurl=\"https:\/\/www.dpsg-ulm.de\/wordpress\/download\/lilie-der-dpsg-stamm-saint-exupery-ulm-gezeichnet-von-manfred-mawa-wacker-2012\/?wpdmdl=4136&refresh=69f37bf2f1a361777564658\">Download<\/a>\n            <\/div>\n        <\/div>\n    <\/div>\n<\/div>\n\n<\/div>\n<div class='w3eden'><!-- WPDM Link Template: Default Template -->\n\n<div class=\"link-template-default card mb-2\">\n    <div class=\"card-body\">\n        <div class=\"media\">\n            <div class=\"mr-3 img-48\"><img decoding=\"async\" class=\"wpdm_icon\" alt=\"Icon\"   src=\"https:\/\/www.dpsg-ulm.de\/wordpress\/wp-content\/plugins\/download-manager\/assets\/file-type-icons\/pdf.png\" \/><\/div>\n            <div class=\"media-body\">\n                <h3 class=\"package-title\"><a href='https:\/\/www.dpsg-ulm.de\/wordpress\/download\/mitgliedsantrag-stammesanmeldungsepa-lastschriftmandat\/'>Mitgliedsantrag\/Stammesanmeldung+SEPA Lastschriftmandat<\/a><\/h3>\n                <div class=\"text-muted text-small\"><i class=\"fas fa-copy\"><\/i> 1 Datei(en) <i class=\"fas fa-hdd ml-3\"><\/i> 837 KB<\/div>\n            <\/div>\n            <div class=\"ml-3\">\n                <a class='wpdm-download-link download-on-click btn btn-primary ' rel='nofollow' href='#' data-downloadurl=\"https:\/\/www.dpsg-ulm.de\/wordpress\/download\/mitgliedsantrag-stammesanmeldungsepa-lastschriftmandat\/?wpdmdl=4061&refresh=69f37bf3011dd1777564659\">Download<\/a>\n            <\/div>\n        <\/div>\n    <\/div>\n<\/div>\n\n<\/div>\n<div class='w3eden'><!-- WPDM Link Template: Default Template -->\n\n<div class=\"link-template-default card mb-2\">\n    <div class=\"card-body\">\n        <div class=\"media\">\n            <div class=\"mr-3 img-48\"><img decoding=\"async\" class=\"wpdm_icon\" alt=\"Icon\"   src=\"https:\/\/www.dpsg-ulm.de\/wordpress\/wp-content\/plugins\/download-manager\/assets\/file-type-icons\/pdf.png\" \/><\/div>\n            <div class=\"media-body\">\n                <h3 class=\"package-title\"><a href='https:\/\/www.dpsg-ulm.de\/wordpress\/download\/vereinbarung-ueber-die-nutzung-von-fotografien-und-filmen-fuer-berichterstattung-der-deutschen-pfadfinderschaft-sankt-georg-dpsg-stamm-saint-exupery-ulm-pdf\/'>Vereinbarung \u00fcber die Nutzung von Fotografien und Filmen f\u00fcr Berichterstattung der Deutschen Pfadfinderschaft Sankt Georg (DPSG)\/ Stamm Saint-Exup\u00e9ry Ulm (PDF)<\/a><\/h3>\n                <div class=\"text-muted text-small\"><i class=\"fas fa-copy\"><\/i> 1 Datei(en) <i class=\"fas fa-hdd ml-3\"><\/i> 97 kb<\/div>\n            <\/div>\n            <div class=\"ml-3\">\n                <a class='wpdm-download-link download-on-click btn btn-primary ' rel='nofollow' href='#' data-downloadurl=\"https:\/\/www.dpsg-ulm.de\/wordpress\/download\/vereinbarung-ueber-die-nutzung-von-fotografien-und-filmen-fuer-berichterstattung-der-deutschen-pfadfinderschaft-sankt-georg-dpsg-stamm-saint-exupery-ulm-pdf\/?wpdmdl=2949&refresh=69f37bf303c2d1777564659\">Download<\/a>\n            <\/div>\n        <\/div>\n    <\/div>\n<\/div>\n\n<\/div>\n\n<div class='w3eden'><!-- WPDM Link Template: Default Template -->\n\n<div class=\"link-template-default card mb-2\">\n    <div class=\"card-body\">\n        <div class=\"media\">\n            <div class=\"mr-3 img-48\"><img decoding=\"async\" class=\"wpdm_icon\" alt=\"Icon\"   src=\"https:\/\/www.dpsg-ulm.de\/wordpress\/wp-content\/plugins\/download-manager\/assets\/file-type-icons\/pdf.png\" \/><\/div>\n            <div class=\"media-body\">\n                <h3 class=\"package-title\"><a href='https:\/\/www.dpsg-ulm.de\/wordpress\/download\/beitrittserklaerung-des-freunde-und-foerderer-der-deutschen-pfadfinderschaft-st-georg-dpsg-stamm-saint-exupery-ulm-e-v\/'>Beitrittserkl\u00e4rung des Freunde und F\u00f6rderer der Deutschen Pfadfinderschaft St.Georg (DPSG) Stamm Saint-Exup\u00e9ry Ulm e.V.<\/a><\/h3>\n                <div class=\"text-muted text-small\"><i class=\"fas fa-copy\"><\/i> 1 Datei(en) <i class=\"fas fa-hdd ml-3\"><\/i> 93 kb<\/div>\n            <\/div>\n            <div class=\"ml-3\">\n                <a class='wpdm-download-link download-on-click btn btn-primary ' rel='nofollow' href='#' data-downloadurl=\"https:\/\/www.dpsg-ulm.de\/wordpress\/download\/beitrittserklaerung-des-freunde-und-foerderer-der-deutschen-pfadfinderschaft-st-georg-dpsg-stamm-saint-exupery-ulm-e-v\/?wpdmdl=2954&refresh=69f37bf3068931777564659\">Download<\/a>\n            <\/div>\n        <\/div>\n    <\/div>\n<\/div>\n\n<\/div>\n<div class='w3eden'><!-- WPDM Link Template: Default Template -->\n\n<div class=\"link-template-default card mb-2\">\n    <div class=\"card-body\">\n        <div class=\"media\">\n            <div class=\"mr-3 img-48\"><img decoding=\"async\" class=\"wpdm_icon\" alt=\"Icon\"   src=\"https:\/\/www.dpsg-ulm.de\/wordpress\/wp-content\/plugins\/download-manager\/assets\/file-type-icons\/docx.svg\" \/><\/div>\n            <div class=\"media-body\">\n                <h3 class=\"package-title\"><a href='https:\/\/www.dpsg-ulm.de\/wordpress\/download\/vereinbarung-ueber-die-nutzung-von-fotografien-und-filmen-fuer-berichterstattung-der-deutschen-pfadfinderschaft-sankt-georg-dpsg-stamm-saint-exupery-ulm-docx\/'>Vereinbarung \u00fcber die Nutzung von Fotografien und Filmen f\u00fcr Berichterstattung der Deutschen Pfadfinderschaft Sankt Georg (DPSG)\/ Stamm Saint-Exup\u00e9ry Ulm (DOCX)<\/a><\/h3>\n                <div class=\"text-muted text-small\"><i class=\"fas fa-copy\"><\/i> 1 Datei(en) <i class=\"fas fa-hdd ml-3\"><\/i> 114 kB<\/div>\n            <\/div>\n            <div class=\"ml-3\">\n                <a class='wpdm-download-link download-on-click btn btn-primary ' rel='nofollow' href='#' data-downloadurl=\"https:\/\/www.dpsg-ulm.de\/wordpress\/download\/vereinbarung-ueber-die-nutzung-von-fotografien-und-filmen-fuer-berichterstattung-der-deutschen-pfadfinderschaft-sankt-georg-dpsg-stamm-saint-exupery-ulm-docx\/?wpdmdl=4612&refresh=69f37bf3092dd1777564659\">Download<\/a>\n            <\/div>\n        <\/div>\n    <\/div>\n<\/div>\n\n<\/div>\n<p><strong>Interne Downloads (passwortgesch\u00fctzt):<\/strong><\/p>\n<div class='w3eden'><!-- WPDM Link Template: Default Template -->\n\n<div class=\"link-template-default card mb-2\">\n    <div class=\"card-body\">\n        <div class=\"media\">\n            <div class=\"mr-3 img-48\"><img decoding=\"async\" class=\"wpdm_icon\" alt=\"Icon\"   src=\"https:\/\/www.dpsg-ulm.de\/wordpress\/wp-content\/plugins\/download-manager\/assets\/file-type-icons\/mp4.png\" \/><\/div>\n            <div class=\"media-body\">\n                <h3 class=\"package-title\"><a href='https:\/\/www.dpsg-ulm.de\/wordpress\/download\/kaperfahrt-zum-goldenen-spatz-video-zum-sommerlager-2022-passwortgeschuetzt\/'>\"Kaperfahrt zum goldenen Spatz\" Video zum Sommerlager 2022 (passwortgesch\u00fctzt)<\/a><\/h3>\n                <div class=\"text-muted text-small\"><i class=\"fas fa-copy\"><\/i> 1 Datei(en) <i class=\"fas fa-hdd ml-3\"><\/i> 361 MB<\/div>\n            <\/div>\n            <div class=\"ml-3\">\n                <a href='#unlock' class='wpdm-download-link wpdm-download-locked btn btn-primary ' data-package='4371'>Download<\/a>\n            <\/div>\n        <\/div>\n    <\/div>\n<\/div>\n\n<\/div>\n<div class='w3eden'><!-- WPDM Link Template: Default Template -->\n\n<div class=\"link-template-default card mb-2\">\n    <div class=\"card-body\">\n        <div class=\"media\">\n            <div class=\"mr-3 img-48\"><img decoding=\"async\" class=\"wpdm_icon\" alt=\"Icon\"   src=\"https:\/\/www.dpsg-ulm.de\/wordpress\/wp-content\/plugins\/download-manager\/assets\/file-type-icons\/pdf.png\" \/><\/div>\n            <div class=\"media-body\">\n                <h3 class=\"package-title\"><a href='https:\/\/www.dpsg-ulm.de\/wordpress\/download\/praesentation-zelte-passwortgeschuetzt\/'>Pr\u00e4sentation Zelte (passwortgesch\u00fctzt)<\/a><\/h3>\n                <div class=\"text-muted text-small\"><i class=\"fas fa-copy\"><\/i> 1 Datei(en) <i class=\"fas fa-hdd ml-3\"><\/i> 4,2 MB<\/div>\n            <\/div>\n            <div class=\"ml-3\">\n                <a href='#unlock' class='wpdm-download-link wpdm-download-locked btn btn-primary ' data-package='4374'>Download<\/a>\n            <\/div>\n        <\/div>\n    <\/div>\n<\/div>\n\n<\/div>\n<div class='w3eden'><!-- WPDM Link Template: Default Template -->\n\n<div class=\"link-template-default card mb-2\">\n    <div class=\"card-body\">\n        <div class=\"media\">\n            <div class=\"mr-3 img-48\"><img decoding=\"async\" class=\"wpdm_icon\" alt=\"Icon\"   src=\"https:\/\/www.dpsg-ulm.de\/wordpress\/wp-content\/plugins\/download-manager\/assets\/file-type-icons\/mp4.png\" \/><\/div>\n            <div class=\"media-body\">\n                <h3 class=\"package-title\"><a href='https:\/\/www.dpsg-ulm.de\/wordpress\/download\/videobericht-georgswochenendepatrozinium-27-28-april-2024-passwortgeschuetzt\/'>Videobericht Georgswochenende&Patrozinium 27.-28. April 2024<\/a><\/h3>\n                <div class=\"text-muted text-small\"><i class=\"fas fa-copy\"><\/i> 1 Datei(en) <i class=\"fas fa-hdd ml-3\"><\/i> 554 MB<\/div>\n            <\/div>\n            <div class=\"ml-3\">\n                <a href='#unlock' class='wpdm-download-link wpdm-download-locked btn btn-primary ' data-package='4618'>Download<\/a>\n            <\/div>\n        <\/div>\n    <\/div>\n<\/div>\n\n<\/div>\n","protected":false},"excerpt":{"rendered":"<p>Hier finden sich stets aktuelle Ausschreibungen, Anmeldungen f\u00fcr k\u00fcnftige Aktionen und sonstige wichtige Dokumente: Ausschreibungen, aktuelle Anmeldungen: &#8211; aktuell sind keine Ausschreibungen oder Anmeldungen verf\u00fcgbar &#8211;&nbsp; Informationen: Vorlagen: Interne Downloads (passwortgesch\u00fctzt):<\/p>\n","protected":false},"author":3,"featured_media":0,"parent":0,"menu_order":0,"comment_status":"closed","ping_status":"closed","template":"","meta":{"ngg_post_thumbnail":0,"footnotes":""},"class_list":["post-2823","page","type-page","status-publish","hentry"],"_links":{"self":[{"href":"https:\/\/www.dpsg-ulm.de\/wordpress\/wp-json\/wp\/v2\/pages\/2823","targetHints":{"allow":["GET"]}}],"collection":[{"href":"https:\/\/www.dpsg-ulm.de\/wordpress\/wp-json\/wp\/v2\/pages"}],"about":[{"href":"https:\/\/www.dpsg-ulm.de\/wordpress\/wp-json\/wp\/v2\/types\/page"}],"author":[{"embeddable":true,"href":"https:\/\/www.dpsg-ulm.de\/wordpress\/wp-json\/wp\/v2\/users\/3"}],"replies":[{"embeddable":true,"href":"https:\/\/www.dpsg-ulm.de\/wordpress\/wp-json\/wp\/v2\/comments?post=2823"}],"version-history":[{"count":84,"href":"https:\/\/www.dpsg-ulm.de\/wordpress\/wp-json\/wp\/v2\/pages\/2823\/revisions"}],"predecessor-version":[{"id":4791,"href":"https:\/\/www.dpsg-ulm.de\/wordpress\/wp-json\/wp\/v2\/pages\/2823\/revisions\/4791"}],"wp:attachment":[{"href":"https:\/\/www.dpsg-ulm.de\/wordpress\/wp-json\/wp\/v2\/media?parent=2823"}],"curies":[{"name":"wp","href":"https:\/\/api.w.org\/{rel}","templated":true}]}}